{"id":7003,"date":"2024-01-30T09:58:48","date_gmt":"2024-01-30T09:58:48","guid":{"rendered":"https:\/\/parkstory.com\/?page_id=7003"},"modified":"2025-08-06T09:57:18","modified_gmt":"2025-08-06T09:57:18","slug":"mentions-legales","status":"publish","type":"page","link":"https:\/\/parkstory.com\/fr\/mentions-legales\/","title":{"rendered":"Mentions l\u00e9gales"},"content":{"rendered":"\t\t<div data-elementor-type=\"wp-page\" data-elementor-id=\"7003\" class=\"elementor elementor-7003 elementor-6983\" data-elementor-post-type=\"page\">\n\t\t\t\t<div class=\"elementor-element elementor-element-180cffde e-flex e-con-boxed e-con e-parent\" data-id=\"180cffde\" data-element_type=\"container\">\n\t\t\t\t\t<div class=\"e-con-inner\">\n\t\t\t\t<div class=\"elementor-element elementor-element-1bd765d5 elementor-widget elementor-widget-text-editor\" data-id=\"1bd765d5\" data-element_type=\"widget\" data-widget_type=\"text-editor.default\">\n\t\t\t\t<div class=\"elementor-widget-container\">\n\t\t\t\t\t\t\t<p class=\"has-white-color has-text-color has-link-color\">Parkstory GmbH<br \/>Am Tucherpark 4<br \/>80538 Munich<br \/>Munich, Allemagne<\/p><p class=\"has-white-color has-text-color has-link-color\">T\u00e9l\u00e9phone : +49 89 800 40 217<br \/>info@parkstory.com<\/p><p class=\"has-white-color has-text-color has-link-color\">Informations conform\u00e9ment \u00e0 l&rsquo;article 5 de la loi sur les t\u00e9l\u00e9m\u00e9dias (TMG)<br \/>Directeur g\u00e9n\u00e9ral autoris\u00e9 \u00e0 repr\u00e9senter : J\u00fcrgen Lukas<\/p><p class=\"has-white-color has-text-color has-link-color\">Tribunal d&rsquo;enregistrement : Tribunal local de Munich<br \/>Num\u00e9ro de registre : HRB 265364<br \/>Num\u00e9ro d&rsquo;identification de la taxe de vente : DE345784950<\/p><p class=\"has-white-color has-text-color has-link-color\">Responsable du contenu :<br \/>J\u00fcrgen Lukas<br \/>Am Tucherpark 4<br \/>80538 Munich<br \/>Munich, Allemagne<\/p><p class=\"has-white-color has-text-color has-link-color\">Site web par : Parkstory GmbH<\/p><p class=\"has-white-color has-text-color has-link-color\"><span style=\"text-decoration: underline;\">R\u00e9solution des litiges<\/span><br \/>Nous ne sommes pas dispos\u00e9s \u00e0 participer \u00e0 une proc\u00e9dure de r\u00e8glement des litiges devant une commission d&rsquo;arbitrage des consommateurs et nous ne sommes pas tenus de le faire.<\/p><p class=\"has-white-color has-text-color has-link-color\"><span style=\"text-decoration: underline;\">Responsabilit\u00e9 du contenu<\/span><br \/>En tant que prestataire de services, nous sommes responsables du contenu de ces pages, conform\u00e9ment \u00e0 l&rsquo;article 7, paragraphe 1, de la TMG (loi allemande sur les t\u00e9l\u00e9m\u00e9dias) et \u00e0 la l\u00e9gislation g\u00e9n\u00e9rale. Conform\u00e9ment aux articles 8 \u00e0 10 de la TMG, nous ne sommes toutefois pas tenus, en tant que prestataire de services, de surveiller les informations transmises ou stock\u00e9es par des tiers, ni d&rsquo;enqu\u00eater sur des circonstances indiquant une activit\u00e9 ill\u00e9gale.<br \/>Les obligations de supprimer ou de bloquer l&rsquo;utilisation des informations conform\u00e9ment \u00e0 la l\u00e9gislation g\u00e9n\u00e9rale n&rsquo;en sont pas affect\u00e9es. Toutefois, la responsabilit\u00e9 \u00e0 cet \u00e9gard n&rsquo;est possible qu&rsquo;\u00e0 partir du moment o\u00f9 l&rsquo;on a connaissance d&rsquo;une infraction sp\u00e9cifique. D\u00e8s que nous aurons connaissance de telles infractions, nous retirerons imm\u00e9diatement ce contenu.<\/p><p class=\"has-white-color has-text-color has-link-color\"><span style=\"text-decoration: underline;\">Responsabilit\u00e9 des liens<\/span><br \/>Notre site web contient des liens vers des sites web de tiers externes sur le contenu desquels nous n&rsquo;avons aucune influence. Par cons\u00e9quent, nous ne pouvons accepter aucune responsabilit\u00e9 pour le contenu de ces tiers. Le fournisseur ou l&rsquo;exploitant des pages est toujours responsable du contenu des pages li\u00e9es. Les pages li\u00e9es ont \u00e9t\u00e9 v\u00e9rifi\u00e9es au moment de la cr\u00e9ation des liens afin de d\u00e9tecter d&rsquo;\u00e9ventuelles violations de la l\u00e9gislation. Toutefois, un contr\u00f4le permanent du contenu des pages li\u00e9es n&rsquo;est pas raisonnable en l&rsquo;absence de preuves concr\u00e8tes d&rsquo;une infraction. Si nous avons connaissance d&rsquo;une quelconque infraction \u00e0 la loi, nous supprimerons imm\u00e9diatement ces liens.<\/p><p class=\"has-white-color has-text-color has-link-color\"><span style=\"text-decoration: underline;\">Droit d&rsquo;auteur<\/span><br \/>Le contenu et les \u0153uvres cr\u00e9\u00e9s par les op\u00e9rateurs du site sur ces pages sont soumis \u00e0 la loi allemande sur les droits d&rsquo;auteur. La duplication, le traitement, la distribution et tout type d&rsquo;exploitation en dehors des limites de la loi sur les droits d&rsquo;auteur n\u00e9cessitent l&rsquo;accord \u00e9crit de l&rsquo;auteur ou du cr\u00e9ateur respectif. Les t\u00e9l\u00e9chargements et les copies de ce site ne sont autoris\u00e9s que pour un usage priv\u00e9 et non commercial.<\/p><p class=\"has-white-color has-text-color has-link-color\">Dans la mesure o\u00f9 le contenu de ce site n&rsquo;a pas \u00e9t\u00e9 cr\u00e9\u00e9 par l&rsquo;op\u00e9rateur, les droits d&rsquo;auteur de tiers sont respect\u00e9s. En particulier, les contenus de tiers sont identifi\u00e9s comme tels. Si vous avez n\u00e9anmoins connaissance d&rsquo;une violation des droits d&rsquo;auteur, veuillez nous en informer. Si nous avons connaissance d&rsquo;une violation, nous retirerons imm\u00e9diatement le contenu en question.<br \/>Source : e-recht24.de<\/p>\t\t\t\t\t\t<\/div>\n\t\t\t\t<\/div>\n\t\t\t\t<div class=\"elementor-element elementor-element-4a95e2e elementor-widget elementor-widget-spacer\" data-id=\"4a95e2e\" data-element_type=\"widget\" data-widget_type=\"spacer.default\">\n\t\t\t\t<div class=\"elementor-widget-container\">\n\t\t\t\t\t<div class=\"elementor-spacer\">\n\t\t\t<div class=\"elementor-spacer-inner\"><\/div>\n\t\t<\/div>\n\t\t\t\t<\/div>\n\t\t\t\t<\/div>\n\t\t\t\t\t<\/div>\n\t\t\t\t<\/div>\n\t\t\t\t<\/div>\n\t\t","protected":false},"excerpt":{"rendered":"<p>Parkstory GmbHAm Tucherpark 480538 MunichMunich, Allemagne T\u00e9l\u00e9phone : +49 89 800 40 217info@parkstory.com Informations conform\u00e9ment \u00e0 l&rsquo;article 5 de la loi sur les t\u00e9l\u00e9m\u00e9dias (TMG)Directeur g\u00e9n\u00e9ral autoris\u00e9 \u00e0 repr\u00e9senter : J\u00fcrgen Lukas Tribunal d&rsquo;enregistrement : Tribunal local de MunichNum\u00e9ro de registre : HRB 265364Num\u00e9ro d&rsquo;identification de la taxe de vente : DE345784950 Responsable du contenu [&hellip;]<\/p>\n","protected":false},"author":4,"featured_media":0,"parent":0,"menu_order":0,"comment_status":"closed","ping_status":"closed","template":"","meta":{"footnotes":""},"class_list":["post-7003","page","type-page","status-publish","hentry"],"yoast_head":"<!-- This site is optimized with the Yoast SEO plugin v23.4 - https:\/\/yoast.com\/wordpress\/plugins\/seo\/ -->\n<title>Mentions l\u00e9gales - Parkstory<\/title>\n<meta name=\"robots\" content=\"index, follow, max-snippet:-1, max-image-preview:large, max-video-preview:-1\" \/>\n<link rel=\"canonical\" href=\"https:\/\/parkstory.com\/fr\/mentions-legales\/\" \/>\n<meta property=\"og:locale\" content=\"fr_FR\" \/>\n<meta property=\"og:type\" content=\"article\" \/>\n<meta property=\"og:title\" content=\"Mentions l\u00e9gales - Parkstory\" \/>\n<meta property=\"og:description\" content=\"Parkstory GmbHAm Tucherpark 480538 MunichMunich, Allemagne T\u00e9l\u00e9phone : +49 89 800 40 217info@parkstory.com Informations conform\u00e9ment \u00e0 l&rsquo;article 5 de la loi sur les t\u00e9l\u00e9m\u00e9dias (TMG)Directeur g\u00e9n\u00e9ral autoris\u00e9 \u00e0 repr\u00e9senter : J\u00fcrgen Lukas Tribunal d&rsquo;enregistrement : Tribunal local de MunichNum\u00e9ro de registre : HRB 265364Num\u00e9ro d&rsquo;identification de la taxe de vente : DE345784950 Responsable du contenu [&hellip;]\" \/>\n<meta property=\"og:url\" content=\"https:\/\/parkstory.com\/fr\/mentions-legales\/\" \/>\n<meta property=\"og:site_name\" content=\"Parkstory\" \/>\n<meta property=\"article:modified_time\" content=\"2025-08-06T09:57:18+00:00\" \/>\n<meta name=\"twitter:card\" content=\"summary_large_image\" \/>\n<meta name=\"twitter:label1\" content=\"Dur\u00e9e de lecture estim\u00e9e\" \/>\n\t<meta name=\"twitter:data1\" content=\"3 minutes\" \/>\n<script type=\"application\/ld+json\" class=\"yoast-schema-graph\">{\"@context\":\"https:\/\/schema.org\",\"@graph\":[{\"@type\":\"WebPage\",\"@id\":\"https:\/\/parkstory.com\/fr\/mentions-legales\/\",\"url\":\"https:\/\/parkstory.com\/fr\/mentions-legales\/\",\"name\":\"Mentions l\u00e9gales - Parkstory\",\"isPartOf\":{\"@id\":\"https:\/\/parkstory.com\/fr\/#website\"},\"datePublished\":\"2024-01-30T09:58:48+00:00\",\"dateModified\":\"2025-08-06T09:57:18+00:00\",\"breadcrumb\":{\"@id\":\"https:\/\/parkstory.com\/fr\/mentions-legales\/#breadcrumb\"},\"inLanguage\":\"fr-FR\",\"potentialAction\":[{\"@type\":\"ReadAction\",\"target\":[\"https:\/\/parkstory.com\/fr\/mentions-legales\/\"]}]},{\"@type\":\"BreadcrumbList\",\"@id\":\"https:\/\/parkstory.com\/fr\/mentions-legales\/#breadcrumb\",\"itemListElement\":[{\"@type\":\"ListItem\",\"position\":1,\"name\":\"Home\",\"item\":\"https:\/\/parkstory.com\/fr\/\"},{\"@type\":\"ListItem\",\"position\":2,\"name\":\"Mentions l\u00e9gales\"}]},{\"@type\":\"WebSite\",\"@id\":\"https:\/\/parkstory.com\/fr\/#website\",\"url\":\"https:\/\/parkstory.com\/fr\/\",\"name\":\"Parkstory\",\"description\":\"\",\"publisher\":{\"@id\":\"https:\/\/parkstory.com\/fr\/#organization\"},\"potentialAction\":[{\"@type\":\"SearchAction\",\"target\":{\"@type\":\"EntryPoint\",\"urlTemplate\":\"https:\/\/parkstory.com\/fr\/?s={search_term_string}\"},\"query-input\":{\"@type\":\"PropertyValueSpecification\",\"valueRequired\":true,\"valueName\":\"search_term_string\"}}],\"inLanguage\":\"fr-FR\"},{\"@type\":\"Organization\",\"@id\":\"https:\/\/parkstory.com\/fr\/#organization\",\"name\":\"Parkstory\",\"url\":\"https:\/\/parkstory.com\/fr\/\",\"logo\":{\"@type\":\"ImageObject\",\"inLanguage\":\"fr-FR\",\"@id\":\"https:\/\/parkstory.com\/fr\/#\/schema\/logo\/image\/\",\"url\":\"https:\/\/parkstory.com\/wp-content\/uploads\/2024\/01\/ps_logo_farbe_einfach_RGB.png\",\"contentUrl\":\"https:\/\/parkstory.com\/wp-content\/uploads\/2024\/01\/ps_logo_farbe_einfach_RGB.png\",\"width\":1668,\"height\":1266,\"caption\":\"Parkstory\"},\"image\":{\"@id\":\"https:\/\/parkstory.com\/fr\/#\/schema\/logo\/image\/\"}}]}<\/script>\n<!-- \/ Yoast SEO plugin. -->","yoast_head_json":{"title":"Mentions l\u00e9gales - Parkstory","robots":{"index":"index","follow":"follow","max-snippet":"max-snippet:-1","max-image-preview":"max-image-preview:large","max-video-preview":"max-video-preview:-1"},"canonical":"https:\/\/parkstory.com\/fr\/mentions-legales\/","og_locale":"fr_FR","og_type":"article","og_title":"Mentions l\u00e9gales - Parkstory","og_description":"Parkstory GmbHAm Tucherpark 480538 MunichMunich, Allemagne T\u00e9l\u00e9phone : +49 89 800 40 217info@parkstory.com Informations conform\u00e9ment \u00e0 l&rsquo;article 5 de la loi sur les t\u00e9l\u00e9m\u00e9dias (TMG)Directeur g\u00e9n\u00e9ral autoris\u00e9 \u00e0 repr\u00e9senter : J\u00fcrgen Lukas Tribunal d&rsquo;enregistrement : Tribunal local de MunichNum\u00e9ro de registre : HRB 265364Num\u00e9ro d&rsquo;identification de la taxe de vente : DE345784950 Responsable du contenu [&hellip;]","og_url":"https:\/\/parkstory.com\/fr\/mentions-legales\/","og_site_name":"Parkstory","article_modified_time":"2025-08-06T09:57:18+00:00","twitter_card":"summary_large_image","twitter_misc":{"Dur\u00e9e de lecture estim\u00e9e":"3 minutes"},"schema":{"@context":"https:\/\/schema.org","@graph":[{"@type":"WebPage","@id":"https:\/\/parkstory.com\/fr\/mentions-legales\/","url":"https:\/\/parkstory.com\/fr\/mentions-legales\/","name":"Mentions l\u00e9gales - Parkstory","isPartOf":{"@id":"https:\/\/parkstory.com\/fr\/#website"},"datePublished":"2024-01-30T09:58:48+00:00","dateModified":"2025-08-06T09:57:18+00:00","breadcrumb":{"@id":"https:\/\/parkstory.com\/fr\/mentions-legales\/#breadcrumb"},"inLanguage":"fr-FR","potentialAction":[{"@type":"ReadAction","target":["https:\/\/parkstory.com\/fr\/mentions-legales\/"]}]},{"@type":"BreadcrumbList","@id":"https:\/\/parkstory.com\/fr\/mentions-legales\/#breadcrumb","itemListElement":[{"@type":"ListItem","position":1,"name":"Home","item":"https:\/\/parkstory.com\/fr\/"},{"@type":"ListItem","position":2,"name":"Mentions l\u00e9gales"}]},{"@type":"WebSite","@id":"https:\/\/parkstory.com\/fr\/#website","url":"https:\/\/parkstory.com\/fr\/","name":"Parkstory","description":"","publisher":{"@id":"https:\/\/parkstory.com\/fr\/#organization"},"potentialAction":[{"@type":"SearchAction","target":{"@type":"EntryPoint","urlTemplate":"https:\/\/parkstory.com\/fr\/?s={search_term_string}"},"query-input":{"@type":"PropertyValueSpecification","valueRequired":true,"valueName":"search_term_string"}}],"inLanguage":"fr-FR"},{"@type":"Organization","@id":"https:\/\/parkstory.com\/fr\/#organization","name":"Parkstory","url":"https:\/\/parkstory.com\/fr\/","logo":{"@type":"ImageObject","inLanguage":"fr-FR","@id":"https:\/\/parkstory.com\/fr\/#\/schema\/logo\/image\/","url":"https:\/\/parkstory.com\/wp-content\/uploads\/2024\/01\/ps_logo_farbe_einfach_RGB.png","contentUrl":"https:\/\/parkstory.com\/wp-content\/uploads\/2024\/01\/ps_logo_farbe_einfach_RGB.png","width":1668,"height":1266,"caption":"Parkstory"},"image":{"@id":"https:\/\/parkstory.com\/fr\/#\/schema\/logo\/image\/"}}]}},"_links":{"self":[{"href":"https:\/\/parkstory.com\/fr\/wp-json\/wp\/v2\/pages\/7003","targetHints":{"allow":["GET"]}}],"collection":[{"href":"https:\/\/parkstory.com\/fr\/wp-json\/wp\/v2\/pages"}],"about":[{"href":"https:\/\/parkstory.com\/fr\/wp-json\/wp\/v2\/types\/page"}],"author":[{"embeddable":true,"href":"https:\/\/parkstory.com\/fr\/wp-json\/wp\/v2\/users\/4"}],"replies":[{"embeddable":true,"href":"https:\/\/parkstory.com\/fr\/wp-json\/wp\/v2\/comments?post=7003"}],"version-history":[{"count":6,"href":"https:\/\/parkstory.com\/fr\/wp-json\/wp\/v2\/pages\/7003\/revisions"}],"predecessor-version":[{"id":19391,"href":"https:\/\/parkstory.com\/fr\/wp-json\/wp\/v2\/pages\/7003\/revisions\/19391"}],"wp:attachment":[{"href":"https:\/\/parkstory.com\/fr\/wp-json\/wp\/v2\/media?parent=7003"}],"curies":[{"name":"wp","href":"https:\/\/api.w.org\/{rel}","templated":true}]}}