{"id":6731,"date":"2024-01-10T14:03:10","date_gmt":"2024-01-10T14:03:10","guid":{"rendered":"https:\/\/parkstory.com\/?page_id=6731"},"modified":"2025-04-07T08:32:26","modified_gmt":"2025-04-07T08:32:26","slug":"toutes-les-nouvelles","status":"publish","type":"page","link":"https:\/\/parkstory.com\/fr\/toutes-les-nouvelles\/","title":{"rendered":"Toutes les news"},"content":{"rendered":"\t\t<div data-elementor-type=\"wp-page\" data-elementor-id=\"6731\" class=\"elementor elementor-6731 elementor-1679\" data-elementor-post-type=\"page\">\n\t\t\t\t<div class=\"elementor-element elementor-element-140ef00 e-flex e-con-boxed e-con e-parent\" data-id=\"140ef00\" data-element_type=\"container\">\n\t\t\t\t\t<div class=\"e-con-inner\">\n\t\t\t\t<div class=\"elementor-element elementor-element-61b3426 elementor-widget elementor-widget-heading\" data-id=\"61b3426\" data-element_type=\"widget\" data-widget_type=\"heading.default\">\n\t\t\t\t<div class=\"elementor-widget-container\">\n\t\t\t<h2 class=\"elementor-heading-title elementor-size-default\">Quoi de neuf chez Parkstory ?\u200b<\/h2>\t\t<\/div>\n\t\t\t\t<\/div>\n\t\t\t\t<div class=\"elementor-element elementor-element-9ad4cbd elementor-widget elementor-widget-text-editor\" data-id=\"9ad4cbd\" data-element_type=\"widget\" data-widget_type=\"text-editor.default\">\n\t\t\t\t<div class=\"elementor-widget-container\">\n\t\t\t\t\t\t\t<p>D\u00e9couvrez notre \u00e9quipe et nos projets !<\/p>\t\t\t\t\t\t<\/div>\n\t\t\t\t<\/div>\n\t\t\t\t\t<\/div>\n\t\t\t\t<\/div>\n\t\t<div class=\"elementor-element elementor-element-410283f e-flex e-con-boxed e-con e-parent\" data-id=\"410283f\" data-element_type=\"container\">\n\t\t\t\t\t<div class=\"e-con-inner\">\n\t\t\t\t<div class=\"elementor-element elementor-element-8527fbd anwp-pg-widget-header-style--b anwp-pg-post-teaser__post-icon--size-16 elementor-widget elementor-widget-anwp-pg-classic-grid\" data-id=\"8527fbd\" data-element_type=\"widget\" data-widget_type=\"anwp-pg-classic-grid.default\">\n\t\t\t\t<div class=\"elementor-widget-container\">\n\t\t\t<div class=\"anwp-pg-wrap\">\n\n\t\n\t<div class=\"d-flex anwp-row flex-wrap anwp-pg-classic-grid anwp-pg-posts-wrapper\">\n\t\t<div class=\"anwp-pg-post-teaser anwp-pg-post-teaser--inner-cover-link anwp-pg-post-teaser--layout-d d-flex flex-column anwp-col-lg-4 anwp-col-sm-6 anwp-col-12 anwp-pg-post-teaser--with-read-more \">\n\t<div class=\"anwp-pg-post-teaser__thumbnail position-relative\">\n\n\t\t\n\t\t\n\t\t\t\t\t<img loading=\"lazy\" class=\"anwp-pg-post-teaser__thumbnail-img d-block anwp-pg-height-250 anwp-object-cover m-0 w-100\"\n\t\t\t\talt=\"EXPO REAL 2024 \u00e0 Munich\"\n\t\t\t\tsrc=\"https:\/\/parkstory.com\/wp-content\/uploads\/2024\/10\/Exop-Real-2024_.jpg\"\/>\n\t\t\n\t\t<div class=\"anwp-pg-post-teaser__thumbnail-bg anwp-position-cover\"><\/div>\n\n\t\t<a class=\"anwp-position-cover anwp-link-without-effects\" href=\"https:\/\/parkstory.com\/fr\/2024\/10\/09\/expo-real-2024-a-munich\/\" aria-hidden=\"true\" ><\/a>\n\t<\/div>\n\n\t<div class=\"anwp-pg-post-teaser__content flex-grow-1 pt-1 d-flex flex-column\">\n\n\t\t<div class=\"anwp-pg-post-teaser__title anwp-font-heading mt-2\">\n\t\t\t<a class=\"anwp-link-without-effects\" href=\"https:\/\/parkstory.com\/fr\/2024\/10\/09\/expo-real-2024-a-munich\/\" aria-hidden=\"true\" >\n\t\t\t\tEXPO REAL 2024 \u00e0 Munich\t\t\t<\/a>\n\t\t<\/div>\n\n\t\t<div class=\"anwp-pg-post-teaser__bottom-meta d-flex flex-wrap\">\n\n\t\t\t\n\t\t\t\t\t<\/div>\n\n\t\t\t\t\t<div class=\"anwp-pg-post-teaser__excerpt mb-2\">\n\t\t\t\tCette ann\u00e9e encore, Parkstory \u00e9tait pr\u00e9sent \u00e0 l&#039;EXPO REAL 2024 \u00e0 Munich du 7 au 9 octobre 2024, en collaboration avec Nectanet.\t\t\t<\/div>\n\t\t\n\t\t\t\t\t<div class=\"w-100 anwp-pg-read-more mt-auto\">\n\t\t\t\t<a href=\"https:\/\/parkstory.com\/fr\/2024\/10\/09\/expo-real-2024-a-munich\/\" \t\t\t\t\tclass=\"anwp-pg-read-more__btn mt-3 mb-0 btn-more\">\n\t\t\t\t\tEn savoir plus\t\t\t\t<\/a>\n\t\t\t<\/div>\n\t\t\n\t<\/div>\n\n<\/div>\n<div class=\"anwp-pg-post-teaser anwp-pg-post-teaser--inner-cover-link anwp-pg-post-teaser--layout-d d-flex flex-column anwp-col-lg-4 anwp-col-sm-6 anwp-col-12 anwp-pg-post-teaser--with-read-more \">\n\t<div class=\"anwp-pg-post-teaser__thumbnail position-relative\">\n\n\t\t\n\t\t\n\t\t\t\t\t<img loading=\"lazy\" class=\"anwp-pg-post-teaser__thumbnail-img d-block anwp-pg-height-250 anwp-object-cover m-0 w-100\"\n\t\t\t\talt=\"Parkex 2024 \u00e0 Coventry, Royaume-Uni\"\n\t\t\t\tsrc=\"https:\/\/parkstory.com\/wp-content\/uploads\/2024\/07\/Parkstory-auf-der-Fachmesse-Parkex-in-Coventry-UK-2024_.jpg\"\/>\n\t\t\n\t\t<div class=\"anwp-pg-post-teaser__thumbnail-bg anwp-position-cover\"><\/div>\n\n\t\t<a class=\"anwp-position-cover anwp-link-without-effects\" href=\"https:\/\/parkstory.com\/fr\/2024\/05\/29\/parkex-2024-a-coventry-uk\/\" aria-hidden=\"true\" ><\/a>\n\t<\/div>\n\n\t<div class=\"anwp-pg-post-teaser__content flex-grow-1 pt-1 d-flex flex-column\">\n\n\t\t<div class=\"anwp-pg-post-teaser__title anwp-font-heading mt-2\">\n\t\t\t<a class=\"anwp-link-without-effects\" href=\"https:\/\/parkstory.com\/fr\/2024\/05\/29\/parkex-2024-a-coventry-uk\/\" aria-hidden=\"true\" >\n\t\t\t\tParkex 2024 \u00e0 Coventry, Royaume-Uni\t\t\t<\/a>\n\t\t<\/div>\n\n\t\t<div class=\"anwp-pg-post-teaser__bottom-meta d-flex flex-wrap\">\n\n\t\t\t\n\t\t\t\t\t<\/div>\n\n\t\t\t\t\t<div class=\"anwp-pg-post-teaser__excerpt mb-2\">\n\t\t\t\tParkstory a \u00e9t\u00e9 invit\u00e9 au salon professionnel Parkex 2024 \u00e0 Coventry UK et y a tenu son propre stand.\t\t\t<\/div>\n\t\t\n\t\t\t\t\t<div class=\"w-100 anwp-pg-read-more mt-auto\">\n\t\t\t\t<a href=\"https:\/\/parkstory.com\/fr\/2024\/05\/29\/parkex-2024-a-coventry-uk\/\" \t\t\t\t\tclass=\"anwp-pg-read-more__btn mt-3 mb-0 btn-more\">\n\t\t\t\t\tEn savoir plus\t\t\t\t<\/a>\n\t\t\t<\/div>\n\t\t\n\t<\/div>\n\n<\/div>\n<div class=\"anwp-pg-post-teaser anwp-pg-post-teaser--inner-cover-link anwp-pg-post-teaser--layout-d d-flex flex-column anwp-col-lg-4 anwp-col-sm-6 anwp-col-12 anwp-pg-post-teaser--with-read-more \">\n\t<div class=\"anwp-pg-post-teaser__thumbnail position-relative\">\n\n\t\t\n\t\t\n\t\t\t\t\t<img loading=\"lazy\" class=\"anwp-pg-post-teaser__thumbnail-img d-block anwp-pg-height-250 anwp-object-cover m-0 w-100\"\n\t\t\t\talt=\"Parking 2024 \u00e0 Stuttgart\"\n\t\t\t\tsrc=\"https:\/\/parkstory.com\/wp-content\/uploads\/2024\/07\/Parkstory-auf-der-Fachmesse-Parken-Stuttgart-2024_.png\"\/>\n\t\t\n\t\t<div class=\"anwp-pg-post-teaser__thumbnail-bg anwp-position-cover\"><\/div>\n\n\t\t<a class=\"anwp-position-cover anwp-link-without-effects\" href=\"https:\/\/parkstory.com\/fr\/2024\/04\/29\/parking-2024-a-stuttgart\/\" aria-hidden=\"true\" ><\/a>\n\t<\/div>\n\n\t<div class=\"anwp-pg-post-teaser__content flex-grow-1 pt-1 d-flex flex-column\">\n\n\t\t<div class=\"anwp-pg-post-teaser__title anwp-font-heading mt-2\">\n\t\t\t<a class=\"anwp-link-without-effects\" href=\"https:\/\/parkstory.com\/fr\/2024\/04\/29\/parking-2024-a-stuttgart\/\" aria-hidden=\"true\" >\n\t\t\t\tParking 2024 \u00e0 Stuttgart\t\t\t<\/a>\n\t\t<\/div>\n\n\t\t<div class=\"anwp-pg-post-teaser__bottom-meta d-flex flex-wrap\">\n\n\t\t\t\n\t\t\t\t\t<\/div>\n\n\t\t\t\t\t<div class=\"anwp-pg-post-teaser__excerpt mb-2\">\n\t\t\t\tParkstory \u00e9tait du du 25 au Cette ann\u00e9e, le salon professionnel de la construction et de l&rsquo;exploitation de parkings et de garages souterrains s&rsquo;est tenu du 24 au 26 avril ...\t\t\t<\/div>\n\t\t\n\t\t\t\t\t<div class=\"w-100 anwp-pg-read-more mt-auto\">\n\t\t\t\t<a href=\"https:\/\/parkstory.com\/fr\/2024\/04\/29\/parking-2024-a-stuttgart\/\" \t\t\t\t\tclass=\"anwp-pg-read-more__btn mt-3 mb-0 btn-more\">\n\t\t\t\t\tEn savoir plus\t\t\t\t<\/a>\n\t\t\t<\/div>\n\t\t\n\t<\/div>\n\n<\/div>\n<div class=\"anwp-pg-post-teaser anwp-pg-post-teaser--inner-cover-link anwp-pg-post-teaser--layout-d d-flex flex-column anwp-col-lg-4 anwp-col-sm-6 anwp-col-12 anwp-pg-post-teaser--with-read-more \">\n\t<div class=\"anwp-pg-post-teaser__thumbnail position-relative\">\n\n\t\t\n\t\t\n\t\t\t\t\t<img loading=\"lazy\" class=\"anwp-pg-post-teaser__thumbnail-img d-block anwp-pg-height-250 anwp-object-cover m-0 w-100\"\n\t\t\t\talt=\"KATAJANOKAN LAITURI\"\n\t\t\t\tsrc=\"https:\/\/parkstory.com\/wp-content\/uploads\/2023\/11\/katajanokan-2.png\"\/>\n\t\t\n\t\t<div class=\"anwp-pg-post-teaser__thumbnail-bg anwp-position-cover\"><\/div>\n\n\t\t<a class=\"anwp-position-cover anwp-link-without-effects\" href=\"https:\/\/parkstory.com\/fr\/2023\/11\/22\/katajanokan-laituri-2\/\" aria-hidden=\"true\" ><\/a>\n\t<\/div>\n\n\t<div class=\"anwp-pg-post-teaser__content flex-grow-1 pt-1 d-flex flex-column\">\n\n\t\t<div class=\"anwp-pg-post-teaser__title anwp-font-heading mt-2\">\n\t\t\t<a class=\"anwp-link-without-effects\" href=\"https:\/\/parkstory.com\/fr\/2023\/11\/22\/katajanokan-laituri-2\/\" aria-hidden=\"true\" >\n\t\t\t\tKATAJANOKAN LAITURI\t\t\t<\/a>\n\t\t<\/div>\n\n\t\t<div class=\"anwp-pg-post-teaser__bottom-meta d-flex flex-wrap\">\n\n\t\t\t\n\t\t\t\t\t<\/div>\n\n\t\t\t\t\t<div class=\"anwp-pg-post-teaser__excerpt mb-2\">\n\t\t\t\tL&rsquo;\u00e9quipe de Parkstory est fi\u00e8re de pr\u00e9senter son premier projet en Finlande ! Katajanokan Laituri est un b\u00e2timent qui abritera le si\u00e8ge social de l&rsquo;entreprise Stora Enso ainsi qu&rsquo;un h\u00f4tel, ...\t\t\t<\/div>\n\t\t\n\t\t\t\t\t<div class=\"w-100 anwp-pg-read-more mt-auto\">\n\t\t\t\t<a href=\"https:\/\/parkstory.com\/fr\/2023\/11\/22\/katajanokan-laituri-2\/\" \t\t\t\t\tclass=\"anwp-pg-read-more__btn mt-3 mb-0 btn-more\">\n\t\t\t\t\tEn savoir plus\t\t\t\t<\/a>\n\t\t\t<\/div>\n\t\t\n\t<\/div>\n\n<\/div>\n<div class=\"anwp-pg-post-teaser anwp-pg-post-teaser--inner-cover-link anwp-pg-post-teaser--layout-d d-flex flex-column anwp-col-lg-4 anwp-col-sm-6 anwp-col-12 anwp-pg-post-teaser--with-read-more \">\n\t<div class=\"anwp-pg-post-teaser__thumbnail position-relative\">\n\n\t\t\n\t\t\n\t\t\t\t\t<img loading=\"lazy\" class=\"anwp-pg-post-teaser__thumbnail-img d-block anwp-pg-height-250 anwp-object-cover m-0 w-100\"\n\t\t\t\talt=\"Le maire Wolfram Britz chez Parkstory !\"\n\t\t\t\tsrc=\"https:\/\/parkstory.com\/wp-content\/uploads\/2024\/01\/IMG_2914-scaled.jpg\"\/>\n\t\t\n\t\t<div class=\"anwp-pg-post-teaser__thumbnail-bg anwp-position-cover\"><\/div>\n\n\t\t<a class=\"anwp-position-cover anwp-link-without-effects\" href=\"https:\/\/parkstory.com\/fr\/2023\/10\/09\/wolfram-britz-a-parkstory\/\" aria-hidden=\"true\" ><\/a>\n\t<\/div>\n\n\t<div class=\"anwp-pg-post-teaser__content flex-grow-1 pt-1 d-flex flex-column\">\n\n\t\t<div class=\"anwp-pg-post-teaser__title anwp-font-heading mt-2\">\n\t\t\t<a class=\"anwp-link-without-effects\" href=\"https:\/\/parkstory.com\/fr\/2023\/10\/09\/wolfram-britz-a-parkstory\/\" aria-hidden=\"true\" >\n\t\t\t\tLe maire Wolfram Britz chez Parkstory !\t\t\t<\/a>\n\t\t<\/div>\n\n\t\t<div class=\"anwp-pg-post-teaser__bottom-meta d-flex flex-wrap\">\n\n\t\t\t\n\t\t\t\t\t<\/div>\n\n\t\t\t\t\t<div class=\"anwp-pg-post-teaser__excerpt mb-2\">\n\t\t\t\tLe maire Wolfram Britz est venu visiter notre site de production \u00e0 Kehl, en Allemagne. L&rsquo;\u00e9quipe Parkstory a profit\u00e9 de cette occasion pour discuter de la coop\u00e9ration internationale avec la ...\t\t\t<\/div>\n\t\t\n\t\t\t\t\t<div class=\"w-100 anwp-pg-read-more mt-auto\">\n\t\t\t\t<a href=\"https:\/\/parkstory.com\/fr\/2023\/10\/09\/wolfram-britz-a-parkstory\/\" \t\t\t\t\tclass=\"anwp-pg-read-more__btn mt-3 mb-0 btn-more\">\n\t\t\t\t\tEn savoir plus\t\t\t\t<\/a>\n\t\t\t<\/div>\n\t\t\n\t<\/div>\n\n<\/div>\n<div class=\"anwp-pg-post-teaser anwp-pg-post-teaser--inner-cover-link anwp-pg-post-teaser--layout-d d-flex flex-column anwp-col-lg-4 anwp-col-sm-6 anwp-col-12 anwp-pg-post-teaser--with-read-more \">\n\t<div class=\"anwp-pg-post-teaser__thumbnail position-relative\">\n\n\t\t\n\t\t\n\t\t\t\t\t<img loading=\"lazy\" class=\"anwp-pg-post-teaser__thumbnail-img d-block anwp-pg-height-250 anwp-object-cover m-0 w-100\"\n\t\t\t\talt=\"EXPO REAL 2023\"\n\t\t\t\tsrc=\"https:\/\/parkstory.com\/wp-content\/uploads\/2024\/01\/Expo-Real-2023_2.png\"\/>\n\t\t\n\t\t<div class=\"anwp-pg-post-teaser__thumbnail-bg anwp-position-cover\"><\/div>\n\n\t\t<a class=\"anwp-position-cover anwp-link-without-effects\" href=\"https:\/\/parkstory.com\/fr\/2023\/10\/06\/expo-real-2023\/\" aria-hidden=\"true\" ><\/a>\n\t<\/div>\n\n\t<div class=\"anwp-pg-post-teaser__content flex-grow-1 pt-1 d-flex flex-column\">\n\n\t\t<div class=\"anwp-pg-post-teaser__title anwp-font-heading mt-2\">\n\t\t\t<a class=\"anwp-link-without-effects\" href=\"https:\/\/parkstory.com\/fr\/2023\/10\/06\/expo-real-2023\/\" aria-hidden=\"true\" >\n\t\t\t\tEXPO REAL 2023\t\t\t<\/a>\n\t\t<\/div>\n\n\t\t<div class=\"anwp-pg-post-teaser__bottom-meta d-flex flex-wrap\">\n\n\t\t\t\n\t\t\t\t\t<\/div>\n\n\t\t\t\t\t<div class=\"anwp-pg-post-teaser__excerpt mb-2\">\n\t\t\t\tL&rsquo;\u00e9quipe de Parkstory a rejoint Nectanet \u00e0 l&rsquo;EXPO REAL 2023 \u00e0 Munich du 04 au 06 octobre 2023 ! Une belle occasion de faire connaissance, de pr\u00e9senter nos solutions de ...\t\t\t<\/div>\n\t\t\n\t\t\t\t\t<div class=\"w-100 anwp-pg-read-more mt-auto\">\n\t\t\t\t<a href=\"https:\/\/parkstory.com\/fr\/2023\/10\/06\/expo-real-2023\/\" \t\t\t\t\tclass=\"anwp-pg-read-more__btn mt-3 mb-0 btn-more\">\n\t\t\t\t\tEn savoir plus\t\t\t\t<\/a>\n\t\t\t<\/div>\n\t\t\n\t<\/div>\n\n<\/div>\n\t<\/div>\n\t\n\t<\/div>\n\t\t<\/div>\n\t\t\t\t<\/div>\n\t\t\t\t\t<\/div>\n\t\t\t\t<\/div>\n\t\t<div class=\"elementor-element elementor-element-ddf918a e-flex e-con-boxed e-con e-parent\" data-id=\"ddf918a\" data-element_type=\"container\" data-settings=\"{&quot;background_background&quot;:&quot;classic&quot;}\">\n\t\t\t\t\t<div class=\"e-con-inner\">\n\t\t<div class=\"elementor-element elementor-element-635d018 e-con-full e-flex e-con e-child\" data-id=\"635d018\" data-element_type=\"container\" data-settings=\"{&quot;background_background&quot;:&quot;classic&quot;}\">\n\t\t\t\t<div class=\"elementor-element elementor-element-5ced94f elementor-widget__width-initial elementor-widget elementor-widget-text-editor\" data-id=\"5ced94f\" data-element_type=\"widget\" data-widget_type=\"text-editor.default\">\n\t\t\t\t<div class=\"elementor-widget-container\">\n\t\t\t\t\t\t\t<p>L&rsquo;\u00e9quipe de Parkstory a particip\u00e9 avec Nectanet \u00e0 l&rsquo;EXPO REAL 2023 \u00e0 Munich du 4 au 7 octobre. jusqu&rsquo;au 06 octobre 2023 ! Une bonne occasion de faire connaissance, de pr\u00e9senter nos solutions de parking sur mesure et de discuter de vos projets en d\u00e9tail.<\/p>\n\t\t\t\t\t\t<\/div>\n\t\t\t\t<\/div>\n\t\t<div class=\"elementor-element elementor-element-369642f e-flex e-con-boxed e-con e-child\" data-id=\"369642f\" data-element_type=\"container\" data-settings=\"{&quot;background_background&quot;:&quot;classic&quot;}\">\n\t\t\t\t\t<div class=\"e-con-inner\">\n\t\t<div class=\"elementor-element elementor-element-57ad691 e-con-full e-flex e-con e-child\" data-id=\"57ad691\" data-element_type=\"container\" data-settings=\"{&quot;background_background&quot;:&quot;classic&quot;}\">\n\t\t<div class=\"elementor-element elementor-element-9f6d514 e-flex e-con-boxed e-con e-child\" data-id=\"9f6d514\" data-element_type=\"container\">\n\t\t\t\t\t<div class=\"e-con-inner\">\n\t\t<div class=\"elementor-element elementor-element-ba080cc e-flex e-con-boxed e-con e-child\" data-id=\"ba080cc\" data-element_type=\"container\">\n\t\t\t\t\t<div class=\"e-con-inner\">\n\t\t\t\t<div class=\"elementor-element elementor-element-f112e6e elementor-widget elementor-widget-heading\" data-id=\"f112e6e\" data-element_type=\"widget\" data-widget_type=\"heading.default\">\n\t\t\t\t<div class=\"elementor-widget-container\">\n\t\t\t<h3 class=\"elementor-heading-title elementor-size-default\">Ne manquez aucune actualit\u00e9<\/h3>\t\t<\/div>\n\t\t\t\t<\/div>\n\t\t\t\t<div class=\"elementor-element elementor-element-e088da1 elementor-widget elementor-widget-heading\" data-id=\"e088da1\" data-element_type=\"widget\" data-widget_type=\"heading.default\">\n\t\t\t\t<div class=\"elementor-widget-container\">\n\t\t\t<p class=\"elementor-heading-title elementor-size-default\">Nous vous informons des nouveaut\u00e9s sur LinkedIn.<\/p>\t\t<\/div>\n\t\t\t\t<\/div>\n\t\t\t\t<div class=\"elementor-element elementor-element-3c6715e elementor-align-center elementor-widget elementor-widget-button\" data-id=\"3c6715e\" data-element_type=\"widget\" data-widget_type=\"button.default\">\n\t\t\t\t<div class=\"elementor-widget-container\">\n\t\t\t\t\t<div class=\"elementor-button-wrapper\">\n\t\t\t<a class=\"elementor-button elementor-button-link elementor-size-sm\" href=\"https:\/\/www.linkedin.com\/company\/parkstory-gmbh\/\" target=\"_blank\">\n\t\t\t\t\t\t<span class=\"elementor-button-content-wrapper\">\n\t\t\t\t\t\t<span class=\"elementor-button-icon\">\n\t\t\t\t\t\t\t<\/span>\n\t\t\t\t\t\t\t\t\t<span class=\"elementor-button-text\">LinkedIn<\/span>\n\t\t\t\t\t<\/span>\n\t\t\t\t\t<\/a>\n\t\t<\/div>\n\t\t\t\t<\/div>\n\t\t\t\t<\/div>\n\t\t\t\t\t<\/div>\n\t\t\t\t<\/div>\n\t\t\t\t\t<\/div>\n\t\t\t\t<\/div>\n\t\t\t\t<\/div>\n\t\t\t\t\t<\/div>\n\t\t\t\t<\/div>\n\t\t\t\t<\/div>\n\t\t\t\t\t<\/div>\n\t\t\t\t<\/div>\n\t\t\t\t<\/div>\n\t\t","protected":false},"excerpt":{"rendered":"<p>Quoi de neuf chez Parkstory ?\u200b D\u00e9couvrez notre \u00e9quipe et nos projets ! EXPO REAL 2024 \u00e0 Munich Cette ann\u00e9e encore, Parkstory \u00e9tait pr\u00e9sent \u00e0 l&#039;EXPO REAL 2024 \u00e0 Munich du 7 au 9 octobre 2024, en collaboration avec Nectanet. En savoir plus Parkex 2024 \u00e0 Coventry, Royaume-Uni Parkstory a \u00e9t\u00e9 invit\u00e9 au salon professionnel [&hellip;]<\/p>\n","protected":false},"author":2,"featured_media":0,"parent":0,"menu_order":0,"comment_status":"closed","ping_status":"closed","template":"","meta":{"footnotes":""},"class_list":["post-6731","page","type-page","status-publish","hentry"],"yoast_head":"<!-- This site is optimized with the Yoast SEO plugin v23.4 - https:\/\/yoast.com\/wordpress\/plugins\/seo\/ -->\n<title>Actualit\u00e9s de Parkstory - En savoir plus sur notre \u00e9quipe et nos projets !<\/title>\n<meta name=\"description\" content=\"Quelles sont les nouveaut\u00e9s chez Parkstory ? D\u00e9couvrez notre \u00e9quipe et nos projets ! Katajanokan Laituri, Wolfram Britz \u00e0 Parkstory, Expo Real...\" \/>\n<meta name=\"robots\" content=\"index, follow, max-snippet:-1, max-image-preview:large, max-video-preview:-1\" \/>\n<link rel=\"canonical\" href=\"https:\/\/parkstory.com\/fr\/toutes-les-nouvelles\/\" \/>\n<meta property=\"og:locale\" content=\"fr_FR\" \/>\n<meta property=\"og:type\" content=\"article\" \/>\n<meta property=\"og:title\" content=\"Actualit\u00e9s de Parkstory - En savoir plus sur notre \u00e9quipe et nos projets !\" \/>\n<meta property=\"og:description\" content=\"Quelles sont les nouveaut\u00e9s chez Parkstory ? D\u00e9couvrez notre \u00e9quipe et nos projets ! Katajanokan Laituri, Wolfram Britz \u00e0 Parkstory, Expo Real...\" \/>\n<meta property=\"og:url\" content=\"https:\/\/parkstory.com\/fr\/toutes-les-nouvelles\/\" \/>\n<meta property=\"og:site_name\" content=\"Parkstory\" \/>\n<meta property=\"article:modified_time\" content=\"2025-04-07T08:32:26+00:00\" \/>\n<meta property=\"og:image\" content=\"https:\/\/parkstory.com\/wp-content\/uploads\/2024\/10\/Exop-Real-2024_.jpg\" \/>\n<meta name=\"twitter:card\" content=\"summary_large_image\" \/>\n<meta name=\"twitter:label1\" content=\"Dur\u00e9e de lecture estim\u00e9e\" \/>\n\t<meta name=\"twitter:data1\" content=\"3 minutes\" \/>\n<script type=\"application\/ld+json\" class=\"yoast-schema-graph\">{\"@context\":\"https:\/\/schema.org\",\"@graph\":[{\"@type\":\"WebPage\",\"@id\":\"https:\/\/parkstory.com\/fr\/toutes-les-nouvelles\/\",\"url\":\"https:\/\/parkstory.com\/fr\/toutes-les-nouvelles\/\",\"name\":\"Actualit\u00e9s de Parkstory - En savoir plus sur notre \u00e9quipe et nos projets !\",\"isPartOf\":{\"@id\":\"https:\/\/parkstory.com\/fr\/#website\"},\"primaryImageOfPage\":{\"@id\":\"https:\/\/parkstory.com\/fr\/toutes-les-nouvelles\/#primaryimage\"},\"image\":{\"@id\":\"https:\/\/parkstory.com\/fr\/toutes-les-nouvelles\/#primaryimage\"},\"thumbnailUrl\":\"https:\/\/parkstory.com\/wp-content\/uploads\/2024\/10\/Exop-Real-2024_.jpg\",\"datePublished\":\"2024-01-10T14:03:10+00:00\",\"dateModified\":\"2025-04-07T08:32:26+00:00\",\"description\":\"Quelles sont les nouveaut\u00e9s chez Parkstory ? D\u00e9couvrez notre \u00e9quipe et nos projets ! Katajanokan Laituri, Wolfram Britz \u00e0 Parkstory, Expo Real...\",\"breadcrumb\":{\"@id\":\"https:\/\/parkstory.com\/fr\/toutes-les-nouvelles\/#breadcrumb\"},\"inLanguage\":\"fr-FR\",\"potentialAction\":[{\"@type\":\"ReadAction\",\"target\":[\"https:\/\/parkstory.com\/fr\/toutes-les-nouvelles\/\"]}]},{\"@type\":\"ImageObject\",\"inLanguage\":\"fr-FR\",\"@id\":\"https:\/\/parkstory.com\/fr\/toutes-les-nouvelles\/#primaryimage\",\"url\":\"https:\/\/parkstory.com\/wp-content\/uploads\/2024\/10\/Exop-Real-2024_.jpg\",\"contentUrl\":\"https:\/\/parkstory.com\/wp-content\/uploads\/2024\/10\/Exop-Real-2024_.jpg\"},{\"@type\":\"BreadcrumbList\",\"@id\":\"https:\/\/parkstory.com\/fr\/toutes-les-nouvelles\/#breadcrumb\",\"itemListElement\":[{\"@type\":\"ListItem\",\"position\":1,\"name\":\"Home\",\"item\":\"https:\/\/parkstory.com\/fr\/\"},{\"@type\":\"ListItem\",\"position\":2,\"name\":\"Toutes les news\"}]},{\"@type\":\"WebSite\",\"@id\":\"https:\/\/parkstory.com\/fr\/#website\",\"url\":\"https:\/\/parkstory.com\/fr\/\",\"name\":\"Parkstory\",\"description\":\"\",\"publisher\":{\"@id\":\"https:\/\/parkstory.com\/fr\/#organization\"},\"potentialAction\":[{\"@type\":\"SearchAction\",\"target\":{\"@type\":\"EntryPoint\",\"urlTemplate\":\"https:\/\/parkstory.com\/fr\/?s={search_term_string}\"},\"query-input\":{\"@type\":\"PropertyValueSpecification\",\"valueRequired\":true,\"valueName\":\"search_term_string\"}}],\"inLanguage\":\"fr-FR\"},{\"@type\":\"Organization\",\"@id\":\"https:\/\/parkstory.com\/fr\/#organization\",\"name\":\"Parkstory\",\"url\":\"https:\/\/parkstory.com\/fr\/\",\"logo\":{\"@type\":\"ImageObject\",\"inLanguage\":\"fr-FR\",\"@id\":\"https:\/\/parkstory.com\/fr\/#\/schema\/logo\/image\/\",\"url\":\"https:\/\/parkstory.com\/wp-content\/uploads\/2024\/01\/ps_logo_farbe_einfach_RGB.png\",\"contentUrl\":\"https:\/\/parkstory.com\/wp-content\/uploads\/2024\/01\/ps_logo_farbe_einfach_RGB.png\",\"width\":1668,\"height\":1266,\"caption\":\"Parkstory\"},\"image\":{\"@id\":\"https:\/\/parkstory.com\/fr\/#\/schema\/logo\/image\/\"}}]}<\/script>\n<!-- \/ Yoast SEO plugin. -->","yoast_head_json":{"title":"Actualit\u00e9s de Parkstory - En savoir plus sur notre \u00e9quipe et nos projets !","description":"Quelles sont les nouveaut\u00e9s chez Parkstory ? D\u00e9couvrez notre \u00e9quipe et nos projets ! Katajanokan Laituri, Wolfram Britz \u00e0 Parkstory, Expo Real...","robots":{"index":"index","follow":"follow","max-snippet":"max-snippet:-1","max-image-preview":"max-image-preview:large","max-video-preview":"max-video-preview:-1"},"canonical":"https:\/\/parkstory.com\/fr\/toutes-les-nouvelles\/","og_locale":"fr_FR","og_type":"article","og_title":"Actualit\u00e9s de Parkstory - En savoir plus sur notre \u00e9quipe et nos projets !","og_description":"Quelles sont les nouveaut\u00e9s chez Parkstory ? D\u00e9couvrez notre \u00e9quipe et nos projets ! Katajanokan Laituri, Wolfram Britz \u00e0 Parkstory, Expo Real...","og_url":"https:\/\/parkstory.com\/fr\/toutes-les-nouvelles\/","og_site_name":"Parkstory","article_modified_time":"2025-04-07T08:32:26+00:00","og_image":[{"url":"https:\/\/parkstory.com\/wp-content\/uploads\/2024\/10\/Exop-Real-2024_.jpg"}],"twitter_card":"summary_large_image","twitter_misc":{"Dur\u00e9e de lecture estim\u00e9e":"3 minutes"},"schema":{"@context":"https:\/\/schema.org","@graph":[{"@type":"WebPage","@id":"https:\/\/parkstory.com\/fr\/toutes-les-nouvelles\/","url":"https:\/\/parkstory.com\/fr\/toutes-les-nouvelles\/","name":"Actualit\u00e9s de Parkstory - En savoir plus sur notre \u00e9quipe et nos projets !","isPartOf":{"@id":"https:\/\/parkstory.com\/fr\/#website"},"primaryImageOfPage":{"@id":"https:\/\/parkstory.com\/fr\/toutes-les-nouvelles\/#primaryimage"},"image":{"@id":"https:\/\/parkstory.com\/fr\/toutes-les-nouvelles\/#primaryimage"},"thumbnailUrl":"https:\/\/parkstory.com\/wp-content\/uploads\/2024\/10\/Exop-Real-2024_.jpg","datePublished":"2024-01-10T14:03:10+00:00","dateModified":"2025-04-07T08:32:26+00:00","description":"Quelles sont les nouveaut\u00e9s chez Parkstory ? D\u00e9couvrez notre \u00e9quipe et nos projets ! Katajanokan Laituri, Wolfram Britz \u00e0 Parkstory, Expo Real...","breadcrumb":{"@id":"https:\/\/parkstory.com\/fr\/toutes-les-nouvelles\/#breadcrumb"},"inLanguage":"fr-FR","potentialAction":[{"@type":"ReadAction","target":["https:\/\/parkstory.com\/fr\/toutes-les-nouvelles\/"]}]},{"@type":"ImageObject","inLanguage":"fr-FR","@id":"https:\/\/parkstory.com\/fr\/toutes-les-nouvelles\/#primaryimage","url":"https:\/\/parkstory.com\/wp-content\/uploads\/2024\/10\/Exop-Real-2024_.jpg","contentUrl":"https:\/\/parkstory.com\/wp-content\/uploads\/2024\/10\/Exop-Real-2024_.jpg"},{"@type":"BreadcrumbList","@id":"https:\/\/parkstory.com\/fr\/toutes-les-nouvelles\/#breadcrumb","itemListElement":[{"@type":"ListItem","position":1,"name":"Home","item":"https:\/\/parkstory.com\/fr\/"},{"@type":"ListItem","position":2,"name":"Toutes les news"}]},{"@type":"WebSite","@id":"https:\/\/parkstory.com\/fr\/#website","url":"https:\/\/parkstory.com\/fr\/","name":"Parkstory","description":"","publisher":{"@id":"https:\/\/parkstory.com\/fr\/#organization"},"potentialAction":[{"@type":"SearchAction","target":{"@type":"EntryPoint","urlTemplate":"https:\/\/parkstory.com\/fr\/?s={search_term_string}"},"query-input":{"@type":"PropertyValueSpecification","valueRequired":true,"valueName":"search_term_string"}}],"inLanguage":"fr-FR"},{"@type":"Organization","@id":"https:\/\/parkstory.com\/fr\/#organization","name":"Parkstory","url":"https:\/\/parkstory.com\/fr\/","logo":{"@type":"ImageObject","inLanguage":"fr-FR","@id":"https:\/\/parkstory.com\/fr\/#\/schema\/logo\/image\/","url":"https:\/\/parkstory.com\/wp-content\/uploads\/2024\/01\/ps_logo_farbe_einfach_RGB.png","contentUrl":"https:\/\/parkstory.com\/wp-content\/uploads\/2024\/01\/ps_logo_farbe_einfach_RGB.png","width":1668,"height":1266,"caption":"Parkstory"},"image":{"@id":"https:\/\/parkstory.com\/fr\/#\/schema\/logo\/image\/"}}]}},"_links":{"self":[{"href":"https:\/\/parkstory.com\/fr\/wp-json\/wp\/v2\/pages\/6731","targetHints":{"allow":["GET"]}}],"collection":[{"href":"https:\/\/parkstory.com\/fr\/wp-json\/wp\/v2\/pages"}],"about":[{"href":"https:\/\/parkstory.com\/fr\/wp-json\/wp\/v2\/types\/page"}],"author":[{"embeddable":true,"href":"https:\/\/parkstory.com\/fr\/wp-json\/wp\/v2\/users\/2"}],"replies":[{"embeddable":true,"href":"https:\/\/parkstory.com\/fr\/wp-json\/wp\/v2\/comments?post=6731"}],"version-history":[{"count":17,"href":"https:\/\/parkstory.com\/fr\/wp-json\/wp\/v2\/pages\/6731\/revisions"}],"predecessor-version":[{"id":19160,"href":"https:\/\/parkstory.com\/fr\/wp-json\/wp\/v2\/pages\/6731\/revisions\/19160"}],"wp:attachment":[{"href":"https:\/\/parkstory.com\/fr\/wp-json\/wp\/v2\/media?parent=6731"}],"curies":[{"name":"wp","href":"https:\/\/api.w.org\/{rel}","templated":true}]}}