{"id":19878,"date":"2026-04-28T10:52:02","date_gmt":"2026-04-28T10:52:02","guid":{"rendered":"https:\/\/parkstory.com\/baarermatte\/"},"modified":"2026-04-28T14:02:05","modified_gmt":"2026-04-28T14:02:05","slug":"baarermatte","status":"publish","type":"page","link":"https:\/\/parkstory.com\/fr\/baarermatte\/","title":{"rendered":"Baarermatte"},"content":{"rendered":"\t\t<div data-elementor-type=\"wp-page\" data-elementor-id=\"19878\" class=\"elementor elementor-19878 elementor-19875\" data-elementor-post-type=\"page\">\n\t\t\t\t<div class=\"elementor-element elementor-element-2abdf8e e-con-full e-flex e-con e-parent\" data-id=\"2abdf8e\" data-element_type=\"container\">\n\t\t<div class=\"elementor-element elementor-element-509891e9 e-con-full e-flex e-con e-child\" data-id=\"509891e9\" data-element_type=\"container\" data-settings=\"{&quot;motion_fx_motion_fx_scrolling&quot;:&quot;yes&quot;,&quot;background_background&quot;:&quot;classic&quot;,&quot;motion_fx_devices&quot;:[&quot;widescreen&quot;,&quot;desktop&quot;,&quot;tablet&quot;,&quot;mobile&quot;]}\">\n\t\t<div class=\"elementor-element elementor-element-1dc04afd e-con-full e-flex e-con e-child\" data-id=\"1dc04afd\" data-element_type=\"container\">\n\t\t<div class=\"elementor-element elementor-element-3c9b645e e-con-full e-flex e-con e-child\" data-id=\"3c9b645e\" data-element_type=\"container\" data-settings=\"{&quot;background_background&quot;:&quot;classic&quot;}\">\n\t\t<div class=\"elementor-element elementor-element-f4248b7 e-flex e-con-boxed e-con e-child\" data-id=\"f4248b7\" data-element_type=\"container\" data-settings=\"{&quot;motion_fx_motion_fx_scrolling&quot;:&quot;yes&quot;,&quot;motion_fx_translateY_effect&quot;:&quot;yes&quot;,&quot;motion_fx_translateY_speed&quot;:{&quot;unit&quot;:&quot;px&quot;,&quot;size&quot;:4,&quot;sizes&quot;:[]},&quot;motion_fx_translateY_affectedRange&quot;:{&quot;unit&quot;:&quot;%&quot;,&quot;size&quot;:&quot;&quot;,&quot;sizes&quot;:{&quot;start&quot;:0,&quot;end&quot;:100}},&quot;motion_fx_devices&quot;:[&quot;widescreen&quot;,&quot;desktop&quot;,&quot;tablet&quot;,&quot;mobile&quot;]}\">\n\t\t\t\t\t<div class=\"e-con-inner\">\n\t\t\t\t<div class=\"elementor-element elementor-element-2965aa85 elementor-widget elementor-widget-heading\" data-id=\"2965aa85\" data-element_type=\"widget\" data-widget_type=\"heading.default\">\n\t\t\t\t<div class=\"elementor-widget-container\">\n\t\t\t<h2 class=\"elementor-heading-title elementor-size-default\">Baarermatte, Suisse<\/h2>\t\t<\/div>\n\t\t\t\t<\/div>\n\t\t\t\t<div class=\"elementor-element elementor-element-7e3c42f0 elementor-widget elementor-widget-text-editor\" data-id=\"7e3c42f0\" data-element_type=\"widget\" data-widget_type=\"text-editor.default\">\n\t\t\t\t<div class=\"elementor-widget-container\">\n\t\t\t\t\t\t\t<p>Un p\u00f4le de mobilit\u00e9 pour les habitants, les entreprises et les visiteurs<\/p>\n\t\t\t\t\t\t<\/div>\n\t\t\t\t<\/div>\n\t\t\t\t\t<\/div>\n\t\t\t\t<\/div>\n\t\t<div class=\"elementor-element elementor-element-4c0b9aa7 e-flex e-con-boxed e-con e-child\" data-id=\"4c0b9aa7\" data-element_type=\"container\" data-settings=\"{&quot;motion_fx_motion_fx_scrolling&quot;:&quot;yes&quot;,&quot;motion_fx_translateY_effect&quot;:&quot;yes&quot;,&quot;motion_fx_translateY_speed&quot;:{&quot;unit&quot;:&quot;px&quot;,&quot;size&quot;:4,&quot;sizes&quot;:[]},&quot;motion_fx_translateY_affectedRange&quot;:{&quot;unit&quot;:&quot;%&quot;,&quot;size&quot;:&quot;&quot;,&quot;sizes&quot;:{&quot;start&quot;:0,&quot;end&quot;:100}},&quot;motion_fx_devices&quot;:[&quot;widescreen&quot;,&quot;desktop&quot;,&quot;tablet&quot;,&quot;mobile&quot;]}\">\n\t\t\t\t\t<div class=\"e-con-inner\">\n\t\t\t\t<div class=\"elementor-element elementor-element-25cdb131 elementor-widget elementor-widget-text-editor\" data-id=\"25cdb131\" data-element_type=\"widget\" data-widget_type=\"text-editor.default\">\n\t\t\t\t<div class=\"elementor-widget-container\">\n\t\t\t\t\t\t\t<p>Quartier durable<\/p>\n\t\t\t\t\t\t<\/div>\n\t\t\t\t<\/div>\n\t\t\t\t<div class=\"elementor-element elementor-element-1ee8f782 elementor-icon-list--layout-traditional elementor-list-item-link-full_width elementor-widget elementor-widget-icon-list\" data-id=\"1ee8f782\" data-element_type=\"widget\" data-widget_type=\"icon-list.default\">\n\t\t\t\t<div class=\"elementor-widget-container\">\n\t\t\t\t\t<ul class=\"elementor-icon-list-items\">\n\t\t\t\t\t\t\t<li class=\"elementor-icon-list-item\">\n\t\t\t\t\t\t\t\t\t\t\t<span class=\"elementor-icon-list-icon\">\n\t\t\t\t\t\t\t<svg xmlns=\"http:\/\/www.w3.org\/2000\/svg\" xmlns:xlink=\"http:\/\/www.w3.org\/1999\/xlink\" width=\"15\" height=\"18\" viewBox=\"0 0 15 18\"><defs><pattern id=\"pattern\" preserveAspectRatio=\"xMidYMid slice\" width=\"100%\" height=\"100%\" viewBox=\"0 0 100 100\"><image width=\"100\" height=\"100\" xlink:href=\"data:image\/png;base64,iVBORw0KGgoAAAANSUhEUgAAAGQAAABkCAYAAABw4pVUAAAACXBIWXMAAAsTAAALEwEAmpwYAAAGlklEQVR4nO2dWYxUVRBAr7txNy5BTdxRP0w0jkZDYKoeS0RUjFFiogY17j+uHxq39ktkpm\/1AMMHifKhuE2iMl3VQ3CDmBhRgQ\/E+AVBFmURjYhBEBhTPZOoyNLTc++7973XJ6mkM5Pu1PLuXreeMS1atMgBnQsnnGlreBsJlkjwHSuwjARXk+AvlnGXin7Wv+n\/LOPbVvAl\/c6MvtFnhNY\/F5QlaSMBawW\/tYx7SbC\/Gal\/l3GF\/hZVx14V2q5MMX3+qBPLVXzKCqxsNgCHDFD9t+HJ7h44IbS90TJNRp9a744YtvoKxH4C87N2a5UP4ZTQ9kdDf785zHIylRg2pRWI\/0n9IUgeUl1MkensHXOBFfw8WCBkX4HFlQVwvikiJHjL4KwogkDgP90Yw29WYIopVBclMD204+mgQanP6F7JfRfW0zPlCGJ4LbTDqfHAvDFnadtRJo+oYSTQG9rJNPQubH5pERxp8oQ2fRKcG9q51GxQBOblqvuKfcyghloKTjN5gKrtNw9n24MiEbXBcvutJst0Vcefm+bKm3wHRfBXXTuZ7E5vY1r0oaugLMrkeFIWuDe088iXMN5lsrZRaBk35zggP83om3iSyQqW4eXgThO\/UhZ83mSBzoUTjifBLaEdRils3WfiPEUPl0I7i9IKCsMTJnYGjkrDO4vSaSUrTcxQDa4O7SRKvZUkV5hYsYyUkiPWkuAsKzCxXIXLdNxS0c\/6N8vQbRnXpaILY4eJFc0O8esAWK9HrY3svpZK5nA9aCKGNZ4DstxEmzfldc8KejUjZah66XesYNWjXnvKVTjdxMZgEpsXoy3jTH3im9Wt3loYZ\/rTL8JNx8GMQh\/B6NOTxuHqp0HxdUBmBV4wsaGpmx66g\/XNdFMHQn+LBDZ4CMg8ExsksNS9oXi\/az0tw4Me9PzaxIaH2cxaF13VvugMzcOUeLWJDdcHUZZxpi9ddZ3iOCBbTGyQwE6XRlZq7Tf40tVyMsntwwN\/mtiwArtdGtnF7SN96VpZkFzqtIUw\/mVigxi2uzSy2+PWtv624y5rm4kN1yeE0x1Od\/c\/\/XXYZQlsNLFBgt+7NLJcG3eJL111E9Jxl7XCxIam8hd1UCeBT0xs6GrVaTfA0O1LV2KY7TYgONfEBjE+5zYguC4rC0PL+LSJjTInkx0\/df1Ugwdc62kFH3atZ7nWPsHEBsm4C50HRGCDy9mW5lJZxh+d67lgzFkm0isH22Lefrc+DqoYtppYsQxLinZAZRk+NbFiGTt9GE0DW9zVZrov7aaIkX3pRQwvmljRjA9vhku9pWwmxscbTnLgZKqXMeNfUhG81sTKnOpNx+nOp08H0OCUWNcpunjUVbfuTanU04B00ccwO400IL0v4mNq7hS9P+HbERSJWIb3TezogX9oR1FaUoVHTOxUBK4M7ihJQ2CP5bHnmCxADN+Fdxj6FcbPTFbQkkfBHSZ+RbNXTFbo6EsuysNVaDpgMHDXrA\/GnWayhOYqhXYceRPoNVlDbxfltoVIBss3adk814kPFIXAhsxWCMpSKSbKw95V8dYksLNDYITJMsTwRX5aB75pso6tJXcGd6QUYGd3aJXk6iXB+7MsNuaDqKFSZng0tENpuFJLxpq8MKNv4jEDN2gz2zqWmLyhtdZDO5aalxtN3tDTxKDlxKVJYVyeyYJleW0lFY85xsEp9Uw52gqsCu1kalhgsck7VuDu8I7GxqqQ9sF1Ju8M1iBZFn9A4D1TFCqM10feOnb5vOMYJSRQC+14OqBA2RQN2wsXp5FUR0NtHQIbX\/14\/MmmiGg99dABoH2F8R5TVAYXi2uiaR2M3wwnyz4XlKt4RyRd1W6tGRnaH1Hgt+IbNiqV0H6I6i0KVvD3gK3jh0wURS5K2lCZk8mh7Y\/zhWECX6UfEHg3tO3R0slweaprE4ZNrTdJHwIr+EyKAbk9nUctw5QGri\/7fzMPw1uhbc0MXdw+0gr84SsYehE0c9nrobEeSmAMBmOv3hYObV8msX5qARdvJ9dpBr24S7LTgzE9Rg5tV6bpqrZf46TiKcN2LX4Z2p5cQALPDjcg+hq\/0HbkhpIW0mf8aBgB6QltQ+7oEBihp3lNjBurCnsC6JuyJKOGNJ4w7ihL0hZa71xjBR9ruHVU4b7Q+hYCK\/B6AwGZFVrPwlBaBMce9B4845et9UbKdEpy3v4HeS2cOf7stPVpYQZeZPmfTUjGHbm4B5hlLCeT9Exc04n0c2h9WrRoYTzyN66cS\/KHSvN9AAAAAElFTkSuQmCC\"><\/image><\/pattern><\/defs><rect id=\"icons8-marqueur-100\" width=\"15\" height=\"18\" fill=\"url(#pattern)\"><\/rect><\/svg>\t\t\t\t\t\t<\/span>\n\t\t\t\t\t\t\t\t\t\t<span class=\"elementor-icon-list-text\">Baar, Suisse<\/span>\n\t\t\t\t\t\t\t\t\t<\/li>\n\t\t\t\t\t\t\t\t<li class=\"elementor-icon-list-item\">\n\t\t\t\t\t\t\t\t\t\t\t<span class=\"elementor-icon-list-icon\">\n\t\t\t\t\t\t\t<svg xmlns=\"http:\/\/www.w3.org\/2000\/svg\" xmlns:xlink=\"http:\/\/www.w3.org\/1999\/xlink\" width=\"21\" height=\"21\" viewBox=\"0 0 21 21\"><image id=\"icons8-voiture-96\" width=\"21\" height=\"21\" xlink:href=\"data:image\/png;base64,iVBORw0KGgoAAAANSUhEUgAAAGAAAABgCAYAAADimHc4AAAACXBIWXMAAAsTAAALEwEAmpwYAAADrklEQVR4nO2bO2tUQRTHD4oPNCiiggiCINZa+Si18hHMngmLFmKsYqWVWin5AFZrds5mK7VStkgyZ+OKhdokVbQTP4Fio6D4im+5qWy8s+qdO2f2nh8cCEtY\/v\/zmJn7WABFURRFURRFURRFURRFURRFUZR\/gNhcJzY\/BymsM40kmmFiYmIFsXkRO2FUdDh82enUV4J0yOHh6MniQFMwaw6BdIixPbAFcGYKJNNuj68iNq8GtwD4utOprwaptLrmWOwkUfCoHQWpkDO34ifIhJ0CxpsgkUbvyBrL+CZ2gih0OHx749HYWpBGq4voE9\/qmt0gnPZ0bZd15kf+FJgaSIMc3vGM7iIkgmVc9BTgNkiizcPryOF7TwEuQiJYxou5Xpz50OzUh0AKNIunPIJ\/tGZGdkIi2JmRHX0sQydBCuRwxtP985AYlnHe01TTIIFG78gG6\/BTvlg8D4lhHZ7PPw2ZpXanvjG2Tmg6czb\/9IPfJ2dPbIfEaM7Vt1nGb\/lFGB2TcOv5nmetfACJYtk88CxDvagC2zy8xTJ+8YzqOCQKOTPu8fa10atvjSawxXjOs\/l+mZyubYZEobnjmyzjZ7ENRowPPZvvXUgc60xP5BLbzyZlu3gGEofc6JjIQwYxXvB0\/ycRx7QCjtnE+NFThAtQNsS4kMSFSgFkXjwFWChXUGqX6v9J5kXUrRbrzGWPoA\/X7p9eDwNCO7vZyPgufwrMpdIEkTNPPGKqF848Lu2BRXSzLDNKeeBEDq\/GNkpy40r4AjA+FWD0p8hw5lkJBRBglOWGFoC1ANG7kHQC4ieCKr8EObOUvVPfnB3dn12UZZH9vfzbAWeWYieKAukVsQdYh89bXdzzp+9ozo3szf6HYic9gF4ITT+dlGfmd1MkYRIK1guhKfKnPJZxMnYBitYLofEJaHVr+\/r+LocHYhegaL3\/nNi+RXgE\/M0re81OfSh2AYrWC6Ep0lBj+WlTOgXoRy+EpuyRpsAxcEtQdm5OaROmgvVCaLyGnFnKjmy+71k+W7PnnZsyomC9EJp+TGUXLXmmJF6INQvSC6Hp2xTj5+WRdXgg2+iymOLawewzEZ3PYfSKKUBVA7QARgsQuwtJJyB+IkiXoPjJoAihewBrAaJ3IekExE8E6RIUPxkUIXQPYC1A9C4knYD4iSBdgkpaEwOT\/B4AiUPS\/IoTVDW\/4gRVza84QVXzK05Q1fyKE1Q1v+IEBaZqfhVFURRFURRFURRFURRFURRFgcL5BTwa5HpAhLd2AAAAAElFTkSuQmCC\"><\/image><\/svg>\t\t\t\t\t\t<\/span>\n\t\t\t\t\t\t\t\t\t\t<span class=\"elementor-icon-list-text\">137 places de parking<\/span>\n\t\t\t\t\t\t\t\t\t<\/li>\n\t\t\t\t\t\t\t\t<li class=\"elementor-icon-list-item\">\n\t\t\t\t\t\t\t\t\t\t\t<span class=\"elementor-icon-list-icon\">\n\t\t\t\t\t\t\t<svg xmlns=\"http:\/\/www.w3.org\/2000\/svg\" xmlns:xlink=\"http:\/\/www.w3.org\/1999\/xlink\" width=\"15\" height=\"25\" viewBox=\"0 0 15 25\"><defs><clipPath id=\"clip-path\"><rect id=\"Rectangle_5602\" data-name=\"Rectangle 5602\" width=\"15\" height=\"25\" transform=\"translate(1406.206 782.575)\" fill=\"#fff\"><\/rect><\/clipPath><\/defs><g id=\"Groupe_de_masques_10\" data-name=\"Groupe de masques 10\" transform=\"translate(-1406.206 -782.575)\" clip-path=\"url(#clip-path)\"><g id=\"chargement\" transform=\"translate(1406.052 784.756)\"><path id=\"Trac&#xE9;_2811\" data-name=\"Trac&#xE9; 2811\" d=\"M2.541,9.451V1.223C2.542.377,2.92,0,3.758,0h7.035c.819,0,1.2.38,1.2,1.208q0,8.31.008,16.619c0,.3-.1.385-.387.383q-4.356-.012-8.712,0c-.287,0-.365-.092-.364-.372.009-2.8.005-5.593.005-8.39h0ZM7.274,1.193H4.4c-.551,0-.684.13-.686.689q0,2.1,0,4.194c0,.513.161.683.669.684q2.888.006,5.774,0c.471,0,.648-.177.648-.637q0-2.146,0-4.29c0-.5-.143-.639-.631-.64-.967,0-1.935,0-2.9,0Zm.8,7.687c-.036-.014-2.355,3.971-2.334,4h1.7c-.343,1.11-.664,2.148-.985,3.186.036.014,0,0,2.457-4-.183-.018-1.667-.027-1.667-.027.831-3.166.807-3.066.831-3.166Z\" transform=\"translate(-1.821)\" fill=\"#97b252\"><\/path><path id=\"Trac&#xE9;_2812\" data-name=\"Trac&#xE9; 2812\" d=\"M5.445,67.088c-1.678,0-3.357-.006-5.034.006C.108,67.1,0,67.022,0,66.7c.017-.9,0-.9.9-.9l9.553,0c.427,0,.427,0,.429.422a.758.758,0,0,1-.859.86H5.446Z\" transform=\"translate(-0.004 -47.261)\" fill=\"#97b252\"><\/path><path id=\"Trac&#xE9;_2813\" data-name=\"Trac&#xE9; 2813\" d=\"M44.832,16.919c.43,0,.86.005,1.29,0,.194,0,.27.074.263.267-.01.311,0,.624-.006.935a1.05,1.05,0,0,1-1,1.06,9.4,9.4,0,0,1-1.128,0,1.02,1.02,0,0,1-.97-.981c-.017-.343,0-.688-.009-1.032-.005-.2.087-.256.275-.252.43.01.86,0,1.29,0Z\" transform=\"translate(-31.078 -12.148)\" fill=\"#97b252\"><\/path><path id=\"Trac&#xE9;_2814\" data-name=\"Trac&#xE9; 2814\" d=\"M44.3,14.042c.483,0,.966.009,1.449,0,.229-.006.265.108.267.3s-.08.257-.271.256c-.976-.008-1.953-.005-2.93,0-.194,0-.332-.019-.324-.274s.128-.281.329-.279c.493.006.988,0,1.481,0v0Z\" transform=\"translate(-30.521 -10.081)\" fill=\"#97b252\"><\/path><path id=\"Trac&#xE9;_2815\" data-name=\"Trac&#xE9; 2815\" d=\"M45.448,8.153c0,.182,0,.364,0,.546s-.044.288-.249.287c-.189,0-.275-.077-.272-.27.005-.386,0-.772,0-1.158,0-.185.081-.275.272-.276.207,0,.252.119.249.29,0,.192,0,.386,0,.578h0Z\" transform=\"translate(-32.269 -5.23)\" fill=\"#97b252\"><\/path><path id=\"Trac&#xE9;_2816\" data-name=\"Trac&#xE9; 2816\" d=\"M51.227,8.143c0,.192,0,.386,0,.578,0,.163-.043.269-.232.27s-.287-.058-.285-.256c0-.386,0-.771,0-1.157,0-.2.084-.3.292-.289s.23.147.227.309c0,.182,0,.364,0,.546h0Z\" transform=\"translate(-36.423 -5.235)\" fill=\"#97b252\"><\/path><path id=\"Trac&#xE9;_2818\" data-name=\"Trac&#xE9; 2818\" d=\"M40.981,30.454V27.2h0v-.864a.277.277,0,0,0-.276-.276h0a.277.277,0,0,0-.276.276V27.2a.193.193,0,0,0,0,.028q0,3.484-.005,6.968a1.223,1.223,0,0,1-.076.5.611.611,0,0,1-.686.368.673.673,0,0,1-.585-.7c-.014-.624-.005-1.247-.006-1.871,0-1.312,0-2.624,0-3.935a1.177,1.177,0,0,0-1.163-1.21c-.116,0-.334.041-.341.151-.01.19.137.274.4.328.566.117.566.362.566.928q0,2.758,0,5.516a1.716,1.716,0,0,0,.066.54,1.233,1.233,0,0,0,1.34.828,1.212,1.212,0,0,0,1.037-1.215c.01-1.322,0-2.645,0-3.968Z\" transform=\"translate(-26.982 -18.718)\" fill=\"#97b252\"><\/path><\/g><\/g><\/svg>\t\t\t\t\t\t<\/span>\n\t\t\t\t\t\t\t\t\t\t<span class=\"elementor-icon-list-text\">12 points de charge<\/span>\n\t\t\t\t\t\t\t\t\t<\/li>\n\t\t\t\t\t\t\t\t<li class=\"elementor-icon-list-item\">\n\t\t\t\t\t\t\t\t\t\t\t<span class=\"elementor-icon-list-icon\">\n\t\t\t\t\t\t\t<svg xmlns=\"http:\/\/www.w3.org\/2000\/svg\" width=\"16\" height=\"16\" viewBox=\"0 0 16 16\"><g id=\"Groupe_3954\" data-name=\"Groupe 3954\" transform=\"translate(-399.92 -6444.92)\"><circle id=\"Ellipse_1588\" data-name=\"Ellipse 1588\" cx=\"8\" cy=\"8\" r=\"8\" transform=\"translate(399.92 6444.92)\" fill=\"#91b547\"><\/circle><path id=\"Trac&#xE9;_2832\" data-name=\"Trac&#xE9; 2832\" d=\"M6.165,0a.308.308,0,0,0-.252.139L2.769,4.774.522,2.688A.308.308,0,1,0,.1,3.141L2.876,5.713,6.424.485A.308.308,0,0,0,6.165,0Z\" transform=\"translate(405.11 6449.64) rotate(8)\" fill=\"#323b4b\"><\/path><\/g><\/svg>\t\t\t\t\t\t<\/span>\n\t\t\t\t\t\t\t\t\t\t<span class=\"elementor-icon-list-text\">Livraison T2 2026<\/span>\n\t\t\t\t\t\t\t\t\t<\/li>\n\t\t\t\t\t\t<\/ul>\n\t\t\t\t<\/div>\n\t\t\t\t<\/div>\n\t\t\t\t<div class=\"elementor-element elementor-element-3d4e7bd8 elementor-widget__width-initial elementor-widget elementor-widget-text-editor\" data-id=\"3d4e7bd8\" data-element_type=\"widget\" data-widget_type=\"text-editor.default\">\n\t\t\t\t<div class=\"elementor-widget-container\">\n\t\t\t\t\t\t\t<p>La nouvelle Baarermatte est un projet de construction durable du groupe Allreal avec une faible empreinte carbone bas\u00e9e sur quatre principes : une construction en bois r\u00e9gionale et respectueuse des ressources, la r\u00e9utilisation des composants existants, une tour de mobilit\u00e9 peu encombrante au lieu d&rsquo;un parking souterrain et le principe de la ville \u00e9ponge pour l&rsquo;utilisation naturelle de l&rsquo;eau de pluie et la promotion du climat et de la biodiversit\u00e9.<\/p>\n<p>\u00c0 partir de la mi-2028, le r\u00e9sultat sera un lieu de vie et de travail d&rsquo;avant-garde. Baarermatte comprend 110 <span data-olk-copy-source=\"MessageBody\">appartements en copropri\u00e9t\u00e9<\/span>, 10 studios et environ 6 600 m\u00b2 de bureaux. La tour de mobilit\u00e9 d\u00e9velopp\u00e9e par Parkstory peut accueillir 137 voitures. Quatre salles de transfert modernes sont \u00e0 la disposition des utilisateurs.     <\/p>\n\t\t\t\t\t\t<\/div>\n\t\t\t\t<\/div>\n\t\t\t\t<div class=\"elementor-element elementor-element-130a410 elementor-widget elementor-widget-button\" data-id=\"130a410\" data-element_type=\"widget\" data-widget_type=\"button.default\">\n\t\t\t\t<div class=\"elementor-widget-container\">\n\t\t\t\t\t<div class=\"elementor-button-wrapper\">\n\t\t\t<a class=\"elementor-button elementor-button-link elementor-size-sm\" href=\"https:\/\/parkstory.com\/fr\/2026\/04\/28\/baarermatte-suisse\/\">\n\t\t\t\t\t\t<span class=\"elementor-button-content-wrapper\">\n\t\t\t\t\t\t<span class=\"elementor-button-icon\">\n\t\t\t\t\t\t\t<\/span>\n\t\t\t\t\t\t\t\t\t<span class=\"elementor-button-text\">Plus d'informations<\/span>\n\t\t\t\t\t<\/span>\n\t\t\t\t\t<\/a>\n\t\t<\/div>\n\t\t\t\t<\/div>\n\t\t\t\t<\/div>\n\t\t\t\t\t<\/div>\n\t\t\t\t<\/div>\n\t\t\t\t<\/div>\n\t\t\t\t<\/div>\n\t\t\t\t<\/div>\n\t\t\t\t<\/div>\n\t\t<div class=\"elementor-element elementor-element-61963768 e-con-full e-flex e-con e-parent\" data-id=\"61963768\" data-element_type=\"container\" data-settings=\"{&quot;background_background&quot;:&quot;classic&quot;}\">\n\t\t<div class=\"elementor-element elementor-element-4e6a9008 e-flex e-con-boxed e-con e-child\" data-id=\"4e6a9008\" data-element_type=\"container\" data-settings=\"{&quot;background_background&quot;:&quot;classic&quot;}\">\n\t\t\t\t\t<div class=\"e-con-inner\">\n\t\t<div class=\"elementor-element elementor-element-6c24b5d2 e-con-full e-flex e-con e-child\" data-id=\"6c24b5d2\" data-element_type=\"container\">\n\t\t<div class=\"elementor-element elementor-element-4842ade3 e-flex e-con-boxed e-con e-child\" data-id=\"4842ade3\" data-element_type=\"container\">\n\t\t\t\t\t<div class=\"e-con-inner\">\n\t\t\t\t<div class=\"elementor-element elementor-element-361d5ce0 elementor-view-default elementor-widget elementor-widget-icon\" data-id=\"361d5ce0\" data-element_type=\"widget\" data-widget_type=\"icon.default\">\n\t\t\t\t<div class=\"elementor-widget-container\">\n\t\t\t\t\t<div class=\"elementor-icon-wrapper\">\n\t\t\t<div class=\"elementor-icon\">\n\t\t\t<svg aria-hidden=\"true\" class=\"e-font-icon-svg e-fas-exclamation-circle\" viewBox=\"0 0 512 512\" xmlns=\"http:\/\/www.w3.org\/2000\/svg\"><path d=\"M504 256c0 136.997-111.043 248-248 248S8 392.997 8 256C8 119.083 119.043 8 256 8s248 111.083 248 248zm-248 50c-25.405 0-46 20.595-46 46s20.595 46 46 46 46-20.595 46-46-20.595-46-46-46zm-43.673-165.346l7.418 136c.347 6.364 5.609 11.346 11.982 11.346h48.546c6.373 0 11.635-4.982 11.982-11.346l7.418-136c.375-6.874-5.098-12.654-11.982-12.654h-63.383c-6.884 0-12.356 5.78-11.981 12.654z\"><\/path><\/svg>\t\t\t<\/div>\n\t\t<\/div>\n\t\t\t\t<\/div>\n\t\t\t\t<\/div>\n\t\t\t\t<div class=\"elementor-element elementor-element-680c2e22 elementor-widget elementor-widget-heading\" data-id=\"680c2e22\" data-element_type=\"widget\" data-widget_type=\"heading.default\">\n\t\t\t\t<div class=\"elementor-widget-container\">\n\t\t\t<h3 class=\"elementor-heading-title elementor-size-default\">Vous ne voulez rien manquer de l'actualit\u00e9 ?<\/h3>\t\t<\/div>\n\t\t\t\t<\/div>\n\t\t\t\t<div class=\"elementor-element elementor-element-17b9512a elementor-widget elementor-widget-heading\" data-id=\"17b9512a\" data-element_type=\"widget\" data-widget_type=\"heading.default\">\n\t\t\t\t<div class=\"elementor-widget-container\">\n\t\t\t<p class=\"elementor-heading-title elementor-size-default\">Nous vous tenons au courant des derni\u00e8res nouvelles sur LinkedIn. N'h\u00e9sitez pas \u00e0 suivre notre page.   <\/p>\t\t<\/div>\n\t\t\t\t<\/div>\n\t\t\t\t<div class=\"elementor-element elementor-element-76f0ce42 elementor-align-center elementor-widget elementor-widget-button\" data-id=\"76f0ce42\" data-element_type=\"widget\" data-widget_type=\"button.default\">\n\t\t\t\t<div class=\"elementor-widget-container\">\n\t\t\t\t\t<div class=\"elementor-button-wrapper\">\n\t\t\t<a class=\"elementor-button elementor-button-link elementor-size-sm\" href=\"https:\/\/www.linkedin.com\/company\/parkstory\" target=\"_blank\">\n\t\t\t\t\t\t<span class=\"elementor-button-content-wrapper\">\n\t\t\t\t\t\t<span class=\"elementor-button-icon\">\n\t\t\t\t\t\t\t<\/span>\n\t\t\t\t\t\t\t\t\t<span class=\"elementor-button-text\">LinkedIn<\/span>\n\t\t\t\t\t<\/span>\n\t\t\t\t\t<\/a>\n\t\t<\/div>\n\t\t\t\t<\/div>\n\t\t\t\t<\/div>\n\t\t\t\t\t<\/div>\n\t\t\t\t<\/div>\n\t\t\t\t<\/div>\n\t\t\t\t\t<\/div>\n\t\t\t\t<\/div>\n\t\t\t\t<\/div>\n\t\t\t\t<\/div>\n\t\t","protected":false},"excerpt":{"rendered":"<p>Baarermatte, Suisse Un p\u00f4le de mobilit\u00e9 pour les habitants, les entreprises et les visiteurs Quartier durable Baar, Suisse 137 places de parking 12 points de charge Livraison T2 2026 La nouvelle Baarermatte est un projet de construction durable du groupe Allreal avec une faible empreinte carbone bas\u00e9e sur quatre principes : une construction en bois [&hellip;]<\/p>\n","protected":false},"author":6,"featured_media":0,"parent":0,"menu_order":0,"comment_status":"closed","ping_status":"closed","template":"","meta":{"footnotes":""},"class_list":["post-19878","page","type-page","status-publish","hentry"],"yoast_head":"<!-- This site is optimized with the Yoast SEO plugin v23.4 - https:\/\/yoast.com\/wordpress\/plugins\/seo\/ -->\n<title>Baarermatte - Parkstory<\/title>\n<meta name=\"robots\" content=\"index, follow, max-snippet:-1, max-image-preview:large, max-video-preview:-1\" \/>\n<link rel=\"canonical\" href=\"https:\/\/parkstory.com\/fr\/baarermatte\/\" \/>\n<meta property=\"og:locale\" content=\"fr_FR\" \/>\n<meta property=\"og:type\" content=\"article\" \/>\n<meta property=\"og:title\" content=\"Baarermatte - Parkstory\" \/>\n<meta property=\"og:description\" content=\"Baarermatte, Suisse Un p\u00f4le de mobilit\u00e9 pour les habitants, les entreprises et les visiteurs Quartier durable Baar, Suisse 137 places de parking 12 points de charge Livraison T2 2026 La nouvelle Baarermatte est un projet de construction durable du groupe Allreal avec une faible empreinte carbone bas\u00e9e sur quatre principes : une construction en bois [&hellip;]\" \/>\n<meta property=\"og:url\" content=\"https:\/\/parkstory.com\/fr\/baarermatte\/\" \/>\n<meta property=\"og:site_name\" content=\"Parkstory\" \/>\n<meta property=\"article:modified_time\" content=\"2026-04-28T14:02:05+00:00\" \/>\n<meta name=\"twitter:card\" content=\"summary_large_image\" \/>\n<meta name=\"twitter:label1\" content=\"Dur\u00e9e de lecture estim\u00e9e\" \/>\n\t<meta name=\"twitter:data1\" content=\"1 minute\" \/>\n<script type=\"application\/ld+json\" class=\"yoast-schema-graph\">{\"@context\":\"https:\/\/schema.org\",\"@graph\":[{\"@type\":\"WebPage\",\"@id\":\"https:\/\/parkstory.com\/fr\/baarermatte\/\",\"url\":\"https:\/\/parkstory.com\/fr\/baarermatte\/\",\"name\":\"Baarermatte - Parkstory\",\"isPartOf\":{\"@id\":\"https:\/\/parkstory.com\/fr\/#website\"},\"datePublished\":\"2026-04-28T10:52:02+00:00\",\"dateModified\":\"2026-04-28T14:02:05+00:00\",\"breadcrumb\":{\"@id\":\"https:\/\/parkstory.com\/fr\/baarermatte\/#breadcrumb\"},\"inLanguage\":\"fr-FR\",\"potentialAction\":[{\"@type\":\"ReadAction\",\"target\":[\"https:\/\/parkstory.com\/fr\/baarermatte\/\"]}]},{\"@type\":\"BreadcrumbList\",\"@id\":\"https:\/\/parkstory.com\/fr\/baarermatte\/#breadcrumb\",\"itemListElement\":[{\"@type\":\"ListItem\",\"position\":1,\"name\":\"Home\",\"item\":\"https:\/\/parkstory.com\/fr\/\"},{\"@type\":\"ListItem\",\"position\":2,\"name\":\"Baarermatte\"}]},{\"@type\":\"WebSite\",\"@id\":\"https:\/\/parkstory.com\/fr\/#website\",\"url\":\"https:\/\/parkstory.com\/fr\/\",\"name\":\"Parkstory\",\"description\":\"\",\"publisher\":{\"@id\":\"https:\/\/parkstory.com\/fr\/#organization\"},\"potentialAction\":[{\"@type\":\"SearchAction\",\"target\":{\"@type\":\"EntryPoint\",\"urlTemplate\":\"https:\/\/parkstory.com\/fr\/?s={search_term_string}\"},\"query-input\":{\"@type\":\"PropertyValueSpecification\",\"valueRequired\":true,\"valueName\":\"search_term_string\"}}],\"inLanguage\":\"fr-FR\"},{\"@type\":\"Organization\",\"@id\":\"https:\/\/parkstory.com\/fr\/#organization\",\"name\":\"Parkstory\",\"url\":\"https:\/\/parkstory.com\/fr\/\",\"logo\":{\"@type\":\"ImageObject\",\"inLanguage\":\"fr-FR\",\"@id\":\"https:\/\/parkstory.com\/fr\/#\/schema\/logo\/image\/\",\"url\":\"https:\/\/parkstory.com\/wp-content\/uploads\/2024\/01\/ps_logo_farbe_einfach_RGB.png\",\"contentUrl\":\"https:\/\/parkstory.com\/wp-content\/uploads\/2024\/01\/ps_logo_farbe_einfach_RGB.png\",\"width\":1668,\"height\":1266,\"caption\":\"Parkstory\"},\"image\":{\"@id\":\"https:\/\/parkstory.com\/fr\/#\/schema\/logo\/image\/\"}}]}<\/script>\n<!-- \/ Yoast SEO plugin. -->","yoast_head_json":{"title":"Baarermatte - Parkstory","robots":{"index":"index","follow":"follow","max-snippet":"max-snippet:-1","max-image-preview":"max-image-preview:large","max-video-preview":"max-video-preview:-1"},"canonical":"https:\/\/parkstory.com\/fr\/baarermatte\/","og_locale":"fr_FR","og_type":"article","og_title":"Baarermatte - Parkstory","og_description":"Baarermatte, Suisse Un p\u00f4le de mobilit\u00e9 pour les habitants, les entreprises et les visiteurs Quartier durable Baar, Suisse 137 places de parking 12 points de charge Livraison T2 2026 La nouvelle Baarermatte est un projet de construction durable du groupe Allreal avec une faible empreinte carbone bas\u00e9e sur quatre principes : une construction en bois [&hellip;]","og_url":"https:\/\/parkstory.com\/fr\/baarermatte\/","og_site_name":"Parkstory","article_modified_time":"2026-04-28T14:02:05+00:00","twitter_card":"summary_large_image","twitter_misc":{"Dur\u00e9e de lecture estim\u00e9e":"1 minute"},"schema":{"@context":"https:\/\/schema.org","@graph":[{"@type":"WebPage","@id":"https:\/\/parkstory.com\/fr\/baarermatte\/","url":"https:\/\/parkstory.com\/fr\/baarermatte\/","name":"Baarermatte - Parkstory","isPartOf":{"@id":"https:\/\/parkstory.com\/fr\/#website"},"datePublished":"2026-04-28T10:52:02+00:00","dateModified":"2026-04-28T14:02:05+00:00","breadcrumb":{"@id":"https:\/\/parkstory.com\/fr\/baarermatte\/#breadcrumb"},"inLanguage":"fr-FR","potentialAction":[{"@type":"ReadAction","target":["https:\/\/parkstory.com\/fr\/baarermatte\/"]}]},{"@type":"BreadcrumbList","@id":"https:\/\/parkstory.com\/fr\/baarermatte\/#breadcrumb","itemListElement":[{"@type":"ListItem","position":1,"name":"Home","item":"https:\/\/parkstory.com\/fr\/"},{"@type":"ListItem","position":2,"name":"Baarermatte"}]},{"@type":"WebSite","@id":"https:\/\/parkstory.com\/fr\/#website","url":"https:\/\/parkstory.com\/fr\/","name":"Parkstory","description":"","publisher":{"@id":"https:\/\/parkstory.com\/fr\/#organization"},"potentialAction":[{"@type":"SearchAction","target":{"@type":"EntryPoint","urlTemplate":"https:\/\/parkstory.com\/fr\/?s={search_term_string}"},"query-input":{"@type":"PropertyValueSpecification","valueRequired":true,"valueName":"search_term_string"}}],"inLanguage":"fr-FR"},{"@type":"Organization","@id":"https:\/\/parkstory.com\/fr\/#organization","name":"Parkstory","url":"https:\/\/parkstory.com\/fr\/","logo":{"@type":"ImageObject","inLanguage":"fr-FR","@id":"https:\/\/parkstory.com\/fr\/#\/schema\/logo\/image\/","url":"https:\/\/parkstory.com\/wp-content\/uploads\/2024\/01\/ps_logo_farbe_einfach_RGB.png","contentUrl":"https:\/\/parkstory.com\/wp-content\/uploads\/2024\/01\/ps_logo_farbe_einfach_RGB.png","width":1668,"height":1266,"caption":"Parkstory"},"image":{"@id":"https:\/\/parkstory.com\/fr\/#\/schema\/logo\/image\/"}}]}},"_links":{"self":[{"href":"https:\/\/parkstory.com\/fr\/wp-json\/wp\/v2\/pages\/19878","targetHints":{"allow":["GET"]}}],"collection":[{"href":"https:\/\/parkstory.com\/fr\/wp-json\/wp\/v2\/pages"}],"about":[{"href":"https:\/\/parkstory.com\/fr\/wp-json\/wp\/v2\/types\/page"}],"author":[{"embeddable":true,"href":"https:\/\/parkstory.com\/fr\/wp-json\/wp\/v2\/users\/6"}],"replies":[{"embeddable":true,"href":"https:\/\/parkstory.com\/fr\/wp-json\/wp\/v2\/comments?post=19878"}],"version-history":[{"count":5,"href":"https:\/\/parkstory.com\/fr\/wp-json\/wp\/v2\/pages\/19878\/revisions"}],"predecessor-version":[{"id":19883,"href":"https:\/\/parkstory.com\/fr\/wp-json\/wp\/v2\/pages\/19878\/revisions\/19883"}],"wp:attachment":[{"href":"https:\/\/parkstory.com\/fr\/wp-json\/wp\/v2\/media?parent=19878"}],"curies":[{"name":"wp","href":"https:\/\/api.w.org\/{rel}","templated":true}]}}