{"id":7035,"date":"2024-01-30T09:58:48","date_gmt":"2024-01-30T09:58:48","guid":{"rendered":"https:\/\/parkstory.com\/?page_id=7035"},"modified":"2025-08-06T09:59:05","modified_gmt":"2025-08-06T09:59:05","slug":"aviso-legal","status":"publish","type":"page","link":"https:\/\/parkstory.com\/es\/aviso-legal\/","title":{"rendered":"Aviso legal"},"content":{"rendered":"\t\t<div data-elementor-type=\"wp-page\" data-elementor-id=\"7035\" class=\"elementor elementor-7035 elementor-6983\" data-elementor-post-type=\"page\">\n\t\t\t\t<div class=\"elementor-element elementor-element-180cffde e-flex e-con-boxed e-con e-parent\" data-id=\"180cffde\" data-element_type=\"container\">\n\t\t\t\t\t<div class=\"e-con-inner\">\n\t\t\t\t<div class=\"elementor-element elementor-element-1bd765d5 elementor-widget elementor-widget-text-editor\" data-id=\"1bd765d5\" data-element_type=\"widget\" data-widget_type=\"text-editor.default\">\n\t\t\t\t<div class=\"elementor-widget-container\">\n\t\t\t\t\t\t\t<p class=\"has-white-color has-text-color has-link-color\">Parkstory GmbH<br \/>Am Tucherpark 4<br \/>80538 M\u00fanich<br \/>M\u00fanich, Alemania<\/p><p class=\"has-white-color has-text-color has-link-color\">Tel\u00e9fono: +49 89 800 40 217<br \/>info@parkstory.com<\/p><p class=\"has-white-color has-text-color has-link-color\">Informaci\u00f3n con arreglo al art\u00edculo 5 de la Ley de Telemedios (TMG)<br \/>Director General autorizado para representar: J\u00fcrgen Lukas<\/p><p class=\"has-white-color has-text-color has-link-color\">Tribunal de registro: Juzgado de Primera Instancia de M\u00fanich<br \/>N\u00famero de registro: HRB 265364<br \/>N\u00famero de identificaci\u00f3n fiscal: DE345784950<\/p><p class=\"has-white-color has-text-color has-link-color\">Responsable del contenido:<br \/>J\u00fcrgen Lukas<br \/>Am Tucherpark 4<br \/>80538 M\u00fanich<br \/>M\u00fanich, Alemania<\/p><p class=\"has-white-color has-text-color has-link-color\">Sitio web de: Parkstory GmbH<\/p><p class=\"has-white-color has-text-color has-link-color\"><span style=\"text-decoration: underline;\">Resoluci\u00f3n de litigios<\/span><br \/>No estamos dispuestos ni obligados a participar en un procedimiento de resoluci\u00f3n de litigios ante una junta arbitral de consumo.<\/p><p class=\"has-white-color has-text-color has-link-color\"><span style=\"text-decoration: underline;\">Responsabilidad por los contenidos<\/span><br \/>Como proveedor de servicios, somos responsables de nuestros propios contenidos en estas p\u00e1ginas, de conformidad con el art\u00edculo 7 (1) de la TMG (Ley alemana de medios de telecomunicaci\u00f3n) y la legislaci\u00f3n general. Sin embargo, seg\u00fan los art\u00edculos 8 a 10 de la TMG, como proveedores de servicios no estamos obligados a supervisar la informaci\u00f3n de terceros transmitida o almacenada ni a investigar circunstancias que indiquen una actividad ilegal.<br \/>Esto no afecta a las obligaciones de eliminar o bloquear el uso de informaci\u00f3n de conformidad con la legislaci\u00f3n general. Sin embargo, la responsabilidad a este respecto s\u00f3lo es posible a partir del momento en que se tiene conocimiento de una infracci\u00f3n concreta. En cuanto tengamos conocimiento de tales infracciones, eliminaremos inmediatamente estos contenidos.<\/p><p class=\"has-white-color has-text-color has-link-color\"><span style=\"text-decoration: underline;\">Responsabilidad de los enlaces<\/span><br \/>Nuestro sitio web contiene enlaces a sitios web externos de terceros sobre cuyo contenido no tenemos ninguna influencia. Por lo tanto, no podemos aceptar ninguna responsabilidad por este contenido de terceros. El respectivo proveedor u operador de las p\u00e1ginas es siempre responsable del contenido de las p\u00e1ginas enlazadas. En el momento de establecer el enlace, se comprob\u00f3 que las p\u00e1ginas enlazadas no infringieran la ley. Sin embargo, no es razonable vigilar permanentemente el contenido de las p\u00e1ginas enlazadas sin pruebas concretas de infracci\u00f3n. Si tenemos conocimiento de alguna infracci\u00f3n legal, eliminaremos dichos enlaces inmediatamente.<\/p><p class=\"has-white-color has-text-color has-link-color\"><span style=\"text-decoration: underline;\">Copyright<\/span><br \/>El contenido y las obras creadas por los operadores del sitio en estas p\u00e1ginas est\u00e1n sujetos a la legislaci\u00f3n alemana sobre derechos de autor. La reproducci\u00f3n, transformaci\u00f3n, distribuci\u00f3n y cualquier tipo de explotaci\u00f3n fuera de los l\u00edmites de la ley de propiedad intelectual requieren el consentimiento por escrito del autor o creador respectivo. Las descargas y copias de este sitio s\u00f3lo est\u00e1n permitidas para uso privado y no comercial.<\/p><p class=\"has-white-color has-text-color has-link-color\">En la medida en que el contenido de este sitio no haya sido creado por el operador, se respetan los derechos de autor de terceros. En particular, los contenidos de terceros se identifican como tales. Si, a pesar de todo, tuviera conocimiento de una infracci\u00f3n de los derechos de autor, le rogamos que nos lo comunique.<br \/>Fuente: e-recht24.de<\/p>\t\t\t\t\t\t<\/div>\n\t\t\t\t<\/div>\n\t\t\t\t<div class=\"elementor-element elementor-element-4a95e2e elementor-widget elementor-widget-spacer\" data-id=\"4a95e2e\" data-element_type=\"widget\" data-widget_type=\"spacer.default\">\n\t\t\t\t<div class=\"elementor-widget-container\">\n\t\t\t\t\t<div class=\"elementor-spacer\">\n\t\t\t<div class=\"elementor-spacer-inner\"><\/div>\n\t\t<\/div>\n\t\t\t\t<\/div>\n\t\t\t\t<\/div>\n\t\t\t\t\t<\/div>\n\t\t\t\t<\/div>\n\t\t\t\t<\/div>\n\t\t","protected":false},"excerpt":{"rendered":"<p>Parkstory GmbHAm Tucherpark 480538 M\u00fanichM\u00fanich, Alemania Tel\u00e9fono: +49 89 800 40 217info@parkstory.com Informaci\u00f3n con arreglo al art\u00edculo 5 de la Ley de Telemedios (TMG)Director General autorizado para representar: J\u00fcrgen Lukas Tribunal de registro: Juzgado de Primera Instancia de M\u00fanichN\u00famero de registro: HRB 265364N\u00famero de identificaci\u00f3n fiscal: DE345784950 Responsable del contenido:J\u00fcrgen LukasAm Tucherpark 480538 M\u00fanichM\u00fanich, Alemania [&hellip;]<\/p>\n","protected":false},"author":4,"featured_media":0,"parent":0,"menu_order":0,"comment_status":"closed","ping_status":"closed","template":"","meta":{"footnotes":""},"class_list":["post-7035","page","type-page","status-publish","hentry"],"yoast_head":"<!-- This site is optimized with the Yoast SEO plugin v23.4 - https:\/\/yoast.com\/wordpress\/plugins\/seo\/ -->\n<title>Aviso legal - Parkstory<\/title>\n<meta name=\"robots\" content=\"index, follow, max-snippet:-1, max-image-preview:large, max-video-preview:-1\" \/>\n<link rel=\"canonical\" href=\"https:\/\/parkstory.com\/es\/aviso-legal\/\" \/>\n<meta property=\"og:locale\" content=\"es_ES\" \/>\n<meta property=\"og:type\" content=\"article\" \/>\n<meta property=\"og:title\" content=\"Aviso legal - Parkstory\" \/>\n<meta property=\"og:description\" content=\"Parkstory GmbHAm Tucherpark 480538 M\u00fanichM\u00fanich, Alemania Tel\u00e9fono: +49 89 800 40 217info@parkstory.com Informaci\u00f3n con arreglo al art\u00edculo 5 de la Ley de Telemedios (TMG)Director General autorizado para representar: J\u00fcrgen Lukas Tribunal de registro: Juzgado de Primera Instancia de M\u00fanichN\u00famero de registro: HRB 265364N\u00famero de identificaci\u00f3n fiscal: DE345784950 Responsable del contenido:J\u00fcrgen LukasAm Tucherpark 480538 M\u00fanichM\u00fanich, Alemania [&hellip;]\" \/>\n<meta property=\"og:url\" content=\"https:\/\/parkstory.com\/es\/aviso-legal\/\" \/>\n<meta property=\"og:site_name\" content=\"Parkstory\" \/>\n<meta property=\"article:modified_time\" content=\"2025-08-06T09:59:05+00:00\" \/>\n<meta name=\"twitter:card\" content=\"summary_large_image\" \/>\n<meta name=\"twitter:label1\" content=\"Tiempo de lectura\" \/>\n\t<meta name=\"twitter:data1\" content=\"3 minutos\" \/>\n<script type=\"application\/ld+json\" class=\"yoast-schema-graph\">{\"@context\":\"https:\/\/schema.org\",\"@graph\":[{\"@type\":\"WebPage\",\"@id\":\"https:\/\/parkstory.com\/es\/aviso-legal\/\",\"url\":\"https:\/\/parkstory.com\/es\/aviso-legal\/\",\"name\":\"Aviso legal - Parkstory\",\"isPartOf\":{\"@id\":\"https:\/\/parkstory.com\/es\/#website\"},\"datePublished\":\"2024-01-30T09:58:48+00:00\",\"dateModified\":\"2025-08-06T09:59:05+00:00\",\"breadcrumb\":{\"@id\":\"https:\/\/parkstory.com\/es\/aviso-legal\/#breadcrumb\"},\"inLanguage\":\"es\",\"potentialAction\":[{\"@type\":\"ReadAction\",\"target\":[\"https:\/\/parkstory.com\/es\/aviso-legal\/\"]}]},{\"@type\":\"BreadcrumbList\",\"@id\":\"https:\/\/parkstory.com\/es\/aviso-legal\/#breadcrumb\",\"itemListElement\":[{\"@type\":\"ListItem\",\"position\":1,\"name\":\"Home\",\"item\":\"https:\/\/parkstory.com\/es\/\"},{\"@type\":\"ListItem\",\"position\":2,\"name\":\"Aviso legal\"}]},{\"@type\":\"WebSite\",\"@id\":\"https:\/\/parkstory.com\/es\/#website\",\"url\":\"https:\/\/parkstory.com\/es\/\",\"name\":\"Parkstory\",\"description\":\"\",\"publisher\":{\"@id\":\"https:\/\/parkstory.com\/es\/#organization\"},\"potentialAction\":[{\"@type\":\"SearchAction\",\"target\":{\"@type\":\"EntryPoint\",\"urlTemplate\":\"https:\/\/parkstory.com\/es\/?s={search_term_string}\"},\"query-input\":{\"@type\":\"PropertyValueSpecification\",\"valueRequired\":true,\"valueName\":\"search_term_string\"}}],\"inLanguage\":\"es\"},{\"@type\":\"Organization\",\"@id\":\"https:\/\/parkstory.com\/es\/#organization\",\"name\":\"Parkstory\",\"url\":\"https:\/\/parkstory.com\/es\/\",\"logo\":{\"@type\":\"ImageObject\",\"inLanguage\":\"es\",\"@id\":\"https:\/\/parkstory.com\/es\/#\/schema\/logo\/image\/\",\"url\":\"https:\/\/parkstory.com\/wp-content\/uploads\/2024\/01\/ps_logo_farbe_einfach_RGB.png\",\"contentUrl\":\"https:\/\/parkstory.com\/wp-content\/uploads\/2024\/01\/ps_logo_farbe_einfach_RGB.png\",\"width\":1668,\"height\":1266,\"caption\":\"Parkstory\"},\"image\":{\"@id\":\"https:\/\/parkstory.com\/es\/#\/schema\/logo\/image\/\"}}]}<\/script>\n<!-- \/ Yoast SEO plugin. -->","yoast_head_json":{"title":"Aviso legal - Parkstory","robots":{"index":"index","follow":"follow","max-snippet":"max-snippet:-1","max-image-preview":"max-image-preview:large","max-video-preview":"max-video-preview:-1"},"canonical":"https:\/\/parkstory.com\/es\/aviso-legal\/","og_locale":"es_ES","og_type":"article","og_title":"Aviso legal - Parkstory","og_description":"Parkstory GmbHAm Tucherpark 480538 M\u00fanichM\u00fanich, Alemania Tel\u00e9fono: +49 89 800 40 217info@parkstory.com Informaci\u00f3n con arreglo al art\u00edculo 5 de la Ley de Telemedios (TMG)Director General autorizado para representar: J\u00fcrgen Lukas Tribunal de registro: Juzgado de Primera Instancia de M\u00fanichN\u00famero de registro: HRB 265364N\u00famero de identificaci\u00f3n fiscal: DE345784950 Responsable del contenido:J\u00fcrgen LukasAm Tucherpark 480538 M\u00fanichM\u00fanich, Alemania [&hellip;]","og_url":"https:\/\/parkstory.com\/es\/aviso-legal\/","og_site_name":"Parkstory","article_modified_time":"2025-08-06T09:59:05+00:00","twitter_card":"summary_large_image","twitter_misc":{"Tiempo de lectura":"3 minutos"},"schema":{"@context":"https:\/\/schema.org","@graph":[{"@type":"WebPage","@id":"https:\/\/parkstory.com\/es\/aviso-legal\/","url":"https:\/\/parkstory.com\/es\/aviso-legal\/","name":"Aviso legal - Parkstory","isPartOf":{"@id":"https:\/\/parkstory.com\/es\/#website"},"datePublished":"2024-01-30T09:58:48+00:00","dateModified":"2025-08-06T09:59:05+00:00","breadcrumb":{"@id":"https:\/\/parkstory.com\/es\/aviso-legal\/#breadcrumb"},"inLanguage":"es","potentialAction":[{"@type":"ReadAction","target":["https:\/\/parkstory.com\/es\/aviso-legal\/"]}]},{"@type":"BreadcrumbList","@id":"https:\/\/parkstory.com\/es\/aviso-legal\/#breadcrumb","itemListElement":[{"@type":"ListItem","position":1,"name":"Home","item":"https:\/\/parkstory.com\/es\/"},{"@type":"ListItem","position":2,"name":"Aviso legal"}]},{"@type":"WebSite","@id":"https:\/\/parkstory.com\/es\/#website","url":"https:\/\/parkstory.com\/es\/","name":"Parkstory","description":"","publisher":{"@id":"https:\/\/parkstory.com\/es\/#organization"},"potentialAction":[{"@type":"SearchAction","target":{"@type":"EntryPoint","urlTemplate":"https:\/\/parkstory.com\/es\/?s={search_term_string}"},"query-input":{"@type":"PropertyValueSpecification","valueRequired":true,"valueName":"search_term_string"}}],"inLanguage":"es"},{"@type":"Organization","@id":"https:\/\/parkstory.com\/es\/#organization","name":"Parkstory","url":"https:\/\/parkstory.com\/es\/","logo":{"@type":"ImageObject","inLanguage":"es","@id":"https:\/\/parkstory.com\/es\/#\/schema\/logo\/image\/","url":"https:\/\/parkstory.com\/wp-content\/uploads\/2024\/01\/ps_logo_farbe_einfach_RGB.png","contentUrl":"https:\/\/parkstory.com\/wp-content\/uploads\/2024\/01\/ps_logo_farbe_einfach_RGB.png","width":1668,"height":1266,"caption":"Parkstory"},"image":{"@id":"https:\/\/parkstory.com\/es\/#\/schema\/logo\/image\/"}}]}},"_links":{"self":[{"href":"https:\/\/parkstory.com\/es\/wp-json\/wp\/v2\/pages\/7035","targetHints":{"allow":["GET"]}}],"collection":[{"href":"https:\/\/parkstory.com\/es\/wp-json\/wp\/v2\/pages"}],"about":[{"href":"https:\/\/parkstory.com\/es\/wp-json\/wp\/v2\/types\/page"}],"author":[{"embeddable":true,"href":"https:\/\/parkstory.com\/es\/wp-json\/wp\/v2\/users\/4"}],"replies":[{"embeddable":true,"href":"https:\/\/parkstory.com\/es\/wp-json\/wp\/v2\/comments?post=7035"}],"version-history":[{"count":3,"href":"https:\/\/parkstory.com\/es\/wp-json\/wp\/v2\/pages\/7035\/revisions"}],"predecessor-version":[{"id":19394,"href":"https:\/\/parkstory.com\/es\/wp-json\/wp\/v2\/pages\/7035\/revisions\/19394"}],"wp:attachment":[{"href":"https:\/\/parkstory.com\/es\/wp-json\/wp\/v2\/media?parent=7035"}],"curies":[{"name":"wp","href":"https:\/\/api.w.org\/{rel}","templated":true}]}}