{"id":6713,"date":"2024-01-10T14:03:10","date_gmt":"2024-01-10T14:03:10","guid":{"rendered":"https:\/\/parkstory.com\/?page_id=6713"},"modified":"2026-04-16T13:09:05","modified_gmt":"2026-04-16T13:09:05","slug":"todas-las-noticias","status":"publish","type":"page","link":"https:\/\/parkstory.com\/es\/todas-las-noticias\/","title":{"rendered":"Todas las noticias"},"content":{"rendered":"\t\t<div data-elementor-type=\"wp-page\" data-elementor-id=\"6713\" class=\"elementor elementor-6713 elementor-1679\" data-elementor-post-type=\"page\">\n\t\t\t\t<div class=\"elementor-element elementor-element-114372e e-flex e-con-boxed e-con e-parent\" data-id=\"114372e\" data-element_type=\"container\">\n\t\t\t\t\t<div class=\"e-con-inner\">\n\t\t\t\t<div class=\"elementor-element elementor-element-220d29d elementor-widget elementor-widget-heading\" data-id=\"220d29d\" data-element_type=\"widget\" data-widget_type=\"heading.default\">\n\t\t\t\t<div class=\"elementor-widget-container\">\n\t\t\t<h2 class=\"elementor-heading-title elementor-size-default\">\u00bfQu\u00e9 novedades hay en Parkstory?\u200b<\/h2>\t\t<\/div>\n\t\t\t\t<\/div>\n\t\t\t\t<div class=\"elementor-element elementor-element-fbea22c elementor-widget elementor-widget-text-editor\" data-id=\"fbea22c\" data-element_type=\"widget\" data-widget_type=\"text-editor.default\">\n\t\t\t\t<div class=\"elementor-widget-container\">\n\t\t\t\t\t\t\t<p>Encuentra m\u00e1s sobre nuestro equipo y nuestros proyectos!<\/p>\t\t\t\t\t\t<\/div>\n\t\t\t\t<\/div>\n\t\t\t\t\t<\/div>\n\t\t\t\t<\/div>\n\t\t<div class=\"elementor-element elementor-element-72f3632 e-flex e-con-boxed e-con e-parent\" data-id=\"72f3632\" data-element_type=\"container\">\n\t\t\t\t\t<div class=\"e-con-inner\">\n\t\t\t\t<div class=\"elementor-element elementor-element-0f4bcc5 anwp-pg-widget-header-style--b anwp-pg-post-teaser__post-icon--size-16 elementor-widget elementor-widget-anwp-pg-classic-grid\" data-id=\"0f4bcc5\" data-element_type=\"widget\" data-widget_type=\"anwp-pg-classic-grid.default\">\n\t\t\t\t<div class=\"elementor-widget-container\">\n\t\t\t<div class=\"anwp-pg-wrap\">\n\n\t\n\t<div class=\"d-flex anwp-row flex-wrap anwp-pg-classic-grid anwp-pg-posts-wrapper\">\n\t\t<div class=\"anwp-pg-post-teaser anwp-pg-post-teaser--inner-cover-link anwp-pg-post-teaser--layout-d d-flex flex-column anwp-col-lg-4 anwp-col-sm-6 anwp-col-12 anwp-pg-post-teaser--with-read-more \">\n\t<div class=\"anwp-pg-post-teaser__thumbnail position-relative\">\n\n\t\t\n\t\t\n\t\t\t\t\t<img loading=\"lazy\" class=\"anwp-pg-post-teaser__thumbnail-img d-block anwp-pg-height-250 anwp-object-cover m-0 w-100\"\n\t\t\t\talt=\"EXPO REAL 2024 en M\u00fanich\"\n\t\t\t\tsrc=\"https:\/\/parkstory.com\/wp-content\/uploads\/2024\/10\/Exop-Real-2024_.jpg\"\/>\n\t\t\n\t\t<div class=\"anwp-pg-post-teaser__thumbnail-bg anwp-position-cover\"><\/div>\n\n\t\t<a class=\"anwp-position-cover anwp-link-without-effects\" href=\"https:\/\/parkstory.com\/es\/2024\/10\/09\/expo-real-2024-en-munich\/\" aria-hidden=\"true\" ><\/a>\n\t<\/div>\n\n\t<div class=\"anwp-pg-post-teaser__content flex-grow-1 pt-1 d-flex flex-column\">\n\n\t\t<div class=\"anwp-pg-post-teaser__title anwp-font-heading mt-2\">\n\t\t\t<a class=\"anwp-link-without-effects\" href=\"https:\/\/parkstory.com\/es\/2024\/10\/09\/expo-real-2024-en-munich\/\" aria-hidden=\"true\" >\n\t\t\t\tEXPO REAL 2024 en M\u00fanich\t\t\t<\/a>\n\t\t<\/div>\n\n\t\t<div class=\"anwp-pg-post-teaser__bottom-meta d-flex flex-wrap\">\n\n\t\t\t\n\t\t\t\t\t<\/div>\n\n\t\t\t\t\t<div class=\"anwp-pg-post-teaser__excerpt mb-2\">\n\t\t\t\tEste a\u00f1o, Parkstory volvi\u00f3 a estar representada junto con Nectanet en la EXPO REAL 2024, celebrada en M\u00fanich del 7 al 9 de octubre.\t\t\t<\/div>\n\t\t\n\t\t\t\t\t<div class=\"w-100 anwp-pg-read-more mt-auto\">\n\t\t\t\t<a href=\"https:\/\/parkstory.com\/es\/2024\/10\/09\/expo-real-2024-en-munich\/\" \t\t\t\t\tclass=\"anwp-pg-read-more__btn mt-3 mb-0 btn-more\">\n\t\t\t\t\tM\u00e1s informaci\u00f3n\t\t\t\t<\/a>\n\t\t\t<\/div>\n\t\t\n\t<\/div>\n\n<\/div>\n<div class=\"anwp-pg-post-teaser anwp-pg-post-teaser--inner-cover-link anwp-pg-post-teaser--layout-d d-flex flex-column anwp-col-lg-4 anwp-col-sm-6 anwp-col-12 anwp-pg-post-teaser--with-read-more \">\n\t<div class=\"anwp-pg-post-teaser__thumbnail position-relative\">\n\n\t\t\n\t\t\n\t\t\t\t\t<img loading=\"lazy\" class=\"anwp-pg-post-teaser__thumbnail-img d-block anwp-pg-height-250 anwp-object-cover m-0 w-100\"\n\t\t\t\talt=\"Parkex 2024 en Coventry, Reino Unido\"\n\t\t\t\tsrc=\"https:\/\/parkstory.com\/wp-content\/uploads\/2024\/07\/Parkstory-auf-der-Fachmesse-Parkex-in-Coventry-UK-2024_.jpg\"\/>\n\t\t\n\t\t<div class=\"anwp-pg-post-teaser__thumbnail-bg anwp-position-cover\"><\/div>\n\n\t\t<a class=\"anwp-position-cover anwp-link-without-effects\" href=\"https:\/\/parkstory.com\/es\/2024\/05\/29\/parkex-2024-en-coventry-reino-unido\/\" aria-hidden=\"true\" ><\/a>\n\t<\/div>\n\n\t<div class=\"anwp-pg-post-teaser__content flex-grow-1 pt-1 d-flex flex-column\">\n\n\t\t<div class=\"anwp-pg-post-teaser__title anwp-font-heading mt-2\">\n\t\t\t<a class=\"anwp-link-without-effects\" href=\"https:\/\/parkstory.com\/es\/2024\/05\/29\/parkex-2024-en-coventry-reino-unido\/\" aria-hidden=\"true\" >\n\t\t\t\tParkex 2024 en Coventry, Reino Unido\t\t\t<\/a>\n\t\t<\/div>\n\n\t\t<div class=\"anwp-pg-post-teaser__bottom-meta d-flex flex-wrap\">\n\n\t\t\t\n\t\t\t\t\t<\/div>\n\n\t\t\t\t\t<div class=\"anwp-pg-post-teaser__excerpt mb-2\">\n\t\t\t\tParkstory asisti\u00f3 como invitado a la feria Parkex 2024 de Coventry, Reino Unido, y estuvo representado con su propio stand.\t\t\t<\/div>\n\t\t\n\t\t\t\t\t<div class=\"w-100 anwp-pg-read-more mt-auto\">\n\t\t\t\t<a href=\"https:\/\/parkstory.com\/es\/2024\/05\/29\/parkex-2024-en-coventry-reino-unido\/\" \t\t\t\t\tclass=\"anwp-pg-read-more__btn mt-3 mb-0 btn-more\">\n\t\t\t\t\tM\u00e1s informaci\u00f3n\t\t\t\t<\/a>\n\t\t\t<\/div>\n\t\t\n\t<\/div>\n\n<\/div>\n<div class=\"anwp-pg-post-teaser anwp-pg-post-teaser--inner-cover-link anwp-pg-post-teaser--layout-d d-flex flex-column anwp-col-lg-4 anwp-col-sm-6 anwp-col-12 anwp-pg-post-teaser--with-read-more \">\n\t<div class=\"anwp-pg-post-teaser__thumbnail position-relative\">\n\n\t\t\n\t\t\n\t\t\t\t\t<img loading=\"lazy\" class=\"anwp-pg-post-teaser__thumbnail-img d-block anwp-pg-height-250 anwp-object-cover m-0 w-100\"\n\t\t\t\talt=\"Aparcamiento 2024 en Stuttgart\"\n\t\t\t\tsrc=\"https:\/\/parkstory.com\/wp-content\/uploads\/2024\/07\/Parkstory-auf-der-Fachmesse-Parken-Stuttgart-2024_.png\"\/>\n\t\t\n\t\t<div class=\"anwp-pg-post-teaser__thumbnail-bg anwp-position-cover\"><\/div>\n\n\t\t<a class=\"anwp-position-cover anwp-link-without-effects\" href=\"https:\/\/parkstory.com\/es\/2024\/04\/29\/aparcamiento-2024-en-stuttgart\/\" aria-hidden=\"true\" ><\/a>\n\t<\/div>\n\n\t<div class=\"anwp-pg-post-teaser__content flex-grow-1 pt-1 d-flex flex-column\">\n\n\t\t<div class=\"anwp-pg-post-teaser__title anwp-font-heading mt-2\">\n\t\t\t<a class=\"anwp-link-without-effects\" href=\"https:\/\/parkstory.com\/es\/2024\/04\/29\/aparcamiento-2024-en-stuttgart\/\" aria-hidden=\"true\" >\n\t\t\t\tAparcamiento 2024 en Stuttgart\t\t\t<\/a>\n\t\t<\/div>\n\n\t\t<div class=\"anwp-pg-post-teaser__bottom-meta d-flex flex-wrap\">\n\n\t\t\t\n\t\t\t\t\t<\/div>\n\n\t\t\t\t\t<div class=\"anwp-pg-post-teaser__excerpt mb-2\">\n\t\t\t\tParkstory era de la 25. a 26 de abril de 2024 en la feria de este a\u00f1o para la construcci\u00f3n y explotaci\u00f3n de aparcamientos de varios pisos y subterr\u00e1neos,que tuvo ...\t\t\t<\/div>\n\t\t\n\t\t\t\t\t<div class=\"w-100 anwp-pg-read-more mt-auto\">\n\t\t\t\t<a href=\"https:\/\/parkstory.com\/es\/2024\/04\/29\/aparcamiento-2024-en-stuttgart\/\" \t\t\t\t\tclass=\"anwp-pg-read-more__btn mt-3 mb-0 btn-more\">\n\t\t\t\t\tM\u00e1s informaci\u00f3n\t\t\t\t<\/a>\n\t\t\t<\/div>\n\t\t\n\t<\/div>\n\n<\/div>\n<div class=\"anwp-pg-post-teaser anwp-pg-post-teaser--inner-cover-link anwp-pg-post-teaser--layout-d d-flex flex-column anwp-col-lg-4 anwp-col-sm-6 anwp-col-12 anwp-pg-post-teaser--with-read-more \">\n\t<div class=\"anwp-pg-post-teaser__thumbnail position-relative\">\n\n\t\t\n\t\t\n\t\t\t\t\t<img loading=\"lazy\" class=\"anwp-pg-post-teaser__thumbnail-img d-block anwp-pg-height-250 anwp-object-cover m-0 w-100\"\n\t\t\t\talt=\"KATAJANOKAN LAITURI\"\n\t\t\t\tsrc=\"https:\/\/parkstory.com\/wp-content\/uploads\/2023\/11\/katajanokan-2.png\"\/>\n\t\t\n\t\t<div class=\"anwp-pg-post-teaser__thumbnail-bg anwp-position-cover\"><\/div>\n\n\t\t<a class=\"anwp-position-cover anwp-link-without-effects\" href=\"https:\/\/parkstory.com\/es\/2023\/11\/22\/katajanokan-laituri\/\" aria-hidden=\"true\" ><\/a>\n\t<\/div>\n\n\t<div class=\"anwp-pg-post-teaser__content flex-grow-1 pt-1 d-flex flex-column\">\n\n\t\t<div class=\"anwp-pg-post-teaser__title anwp-font-heading mt-2\">\n\t\t\t<a class=\"anwp-link-without-effects\" href=\"https:\/\/parkstory.com\/es\/2023\/11\/22\/katajanokan-laituri\/\" aria-hidden=\"true\" >\n\t\t\t\tKATAJANOKAN LAITURI\t\t\t<\/a>\n\t\t<\/div>\n\n\t\t<div class=\"anwp-pg-post-teaser__bottom-meta d-flex flex-wrap\">\n\n\t\t\t\n\t\t\t\t\t<\/div>\n\n\t\t\t\t\t<div class=\"anwp-pg-post-teaser__excerpt mb-2\">\n\t\t\t\tEl equipo Parkstory se enorgullece de presentar su primer proyecto en Finlandia. Katajanokan Laituri es un edificio que albergar\u00e1 la sede de Stora Enso y un hotel, y servir\u00e1 de ...\t\t\t<\/div>\n\t\t\n\t\t\t\t\t<div class=\"w-100 anwp-pg-read-more mt-auto\">\n\t\t\t\t<a href=\"https:\/\/parkstory.com\/es\/2023\/11\/22\/katajanokan-laituri\/\" \t\t\t\t\tclass=\"anwp-pg-read-more__btn mt-3 mb-0 btn-more\">\n\t\t\t\t\tM\u00e1s informaci\u00f3n\t\t\t\t<\/a>\n\t\t\t<\/div>\n\t\t\n\t<\/div>\n\n<\/div>\n<div class=\"anwp-pg-post-teaser anwp-pg-post-teaser--inner-cover-link anwp-pg-post-teaser--layout-d d-flex flex-column anwp-col-lg-4 anwp-col-sm-6 anwp-col-12 anwp-pg-post-teaser--with-read-more \">\n\t<div class=\"anwp-pg-post-teaser__thumbnail position-relative\">\n\n\t\t\n\t\t\n\t\t\t\t\t<img loading=\"lazy\" class=\"anwp-pg-post-teaser__thumbnail-img d-block anwp-pg-height-250 anwp-object-cover m-0 w-100\"\n\t\t\t\talt=\"\u00a1El alcalde Wolfram Britz en Parkstory!\"\n\t\t\t\tsrc=\"https:\/\/parkstory.com\/wp-content\/uploads\/2024\/01\/IMG_2914-scaled.jpg\"\/>\n\t\t\n\t\t<div class=\"anwp-pg-post-teaser__thumbnail-bg anwp-position-cover\"><\/div>\n\n\t\t<a class=\"anwp-position-cover anwp-link-without-effects\" href=\"https:\/\/parkstory.com\/es\/2023\/10\/09\/wolfram-britz-en-parkstory\/\" aria-hidden=\"true\" ><\/a>\n\t<\/div>\n\n\t<div class=\"anwp-pg-post-teaser__content flex-grow-1 pt-1 d-flex flex-column\">\n\n\t\t<div class=\"anwp-pg-post-teaser__title anwp-font-heading mt-2\">\n\t\t\t<a class=\"anwp-link-without-effects\" href=\"https:\/\/parkstory.com\/es\/2023\/10\/09\/wolfram-britz-en-parkstory\/\" aria-hidden=\"true\" >\n\t\t\t\t\u00a1El alcalde Wolfram Britz en Parkstory!\t\t\t<\/a>\n\t\t<\/div>\n\n\t\t<div class=\"anwp-pg-post-teaser__bottom-meta d-flex flex-wrap\">\n\n\t\t\t\n\t\t\t\t\t<\/div>\n\n\t\t\t\t\t<div class=\"anwp-pg-post-teaser__excerpt mb-2\">\n\t\t\t\tEl alcalde Wolfram Britz vino a visitar nuestra planta de producci\u00f3n de Kehl (Alemania). El equipo de Parkstory aprovech\u00f3 la ocasi\u00f3n para debatir la cooperaci\u00f3n internacional con la ciudad de ...\t\t\t<\/div>\n\t\t\n\t\t\t\t\t<div class=\"w-100 anwp-pg-read-more mt-auto\">\n\t\t\t\t<a href=\"https:\/\/parkstory.com\/es\/2023\/10\/09\/wolfram-britz-en-parkstory\/\" \t\t\t\t\tclass=\"anwp-pg-read-more__btn mt-3 mb-0 btn-more\">\n\t\t\t\t\tM\u00e1s informaci\u00f3n\t\t\t\t<\/a>\n\t\t\t<\/div>\n\t\t\n\t<\/div>\n\n<\/div>\n<div class=\"anwp-pg-post-teaser anwp-pg-post-teaser--inner-cover-link anwp-pg-post-teaser--layout-d d-flex flex-column anwp-col-lg-4 anwp-col-sm-6 anwp-col-12 anwp-pg-post-teaser--with-read-more \">\n\t<div class=\"anwp-pg-post-teaser__thumbnail position-relative\">\n\n\t\t\n\t\t\n\t\t\t\t\t<img loading=\"lazy\" class=\"anwp-pg-post-teaser__thumbnail-img d-block anwp-pg-height-250 anwp-object-cover m-0 w-100\"\n\t\t\t\talt=\"EXPO REAL 2023\"\n\t\t\t\tsrc=\"https:\/\/parkstory.com\/wp-content\/uploads\/2024\/01\/Expo-Real-2023_2.png\"\/>\n\t\t\n\t\t<div class=\"anwp-pg-post-teaser__thumbnail-bg anwp-position-cover\"><\/div>\n\n\t\t<a class=\"anwp-position-cover anwp-link-without-effects\" href=\"https:\/\/parkstory.com\/es\/2023\/10\/06\/expo-real-2023\/\" aria-hidden=\"true\" ><\/a>\n\t<\/div>\n\n\t<div class=\"anwp-pg-post-teaser__content flex-grow-1 pt-1 d-flex flex-column\">\n\n\t\t<div class=\"anwp-pg-post-teaser__title anwp-font-heading mt-2\">\n\t\t\t<a class=\"anwp-link-without-effects\" href=\"https:\/\/parkstory.com\/es\/2023\/10\/06\/expo-real-2023\/\" aria-hidden=\"true\" >\n\t\t\t\tEXPO REAL 2023\t\t\t<\/a>\n\t\t<\/div>\n\n\t\t<div class=\"anwp-pg-post-teaser__bottom-meta d-flex flex-wrap\">\n\n\t\t\t\n\t\t\t\t\t<\/div>\n\n\t\t\t\t\t<div class=\"anwp-pg-post-teaser__excerpt mb-2\">\n\t\t\t\tEl equipo de Parkstory se uni\u00f3 a Nectanet en la EXPO REAL 2023 de M\u00fanich del 4 al 6 de octubre de 2023. Una buena oportunidad para conocernos, presentarle nuestras ...\t\t\t<\/div>\n\t\t\n\t\t\t\t\t<div class=\"w-100 anwp-pg-read-more mt-auto\">\n\t\t\t\t<a href=\"https:\/\/parkstory.com\/es\/2023\/10\/06\/expo-real-2023\/\" \t\t\t\t\tclass=\"anwp-pg-read-more__btn mt-3 mb-0 btn-more\">\n\t\t\t\t\tM\u00e1s informaci\u00f3n\t\t\t\t<\/a>\n\t\t\t<\/div>\n\t\t\n\t<\/div>\n\n<\/div>\n\t<\/div>\n\t\n\t<\/div>\n\t\t<\/div>\n\t\t\t\t<\/div>\n\t\t\t\t\t<\/div>\n\t\t\t\t<\/div>\n\t\t<div class=\"elementor-element elementor-element-5fea976 e-flex e-con-boxed e-con e-parent\" data-id=\"5fea976\" data-element_type=\"container\" data-settings=\"{&quot;background_background&quot;:&quot;classic&quot;}\">\n\t\t\t\t\t<div class=\"e-con-inner\">\n\t\t<div class=\"elementor-element elementor-element-e0b5f73 e-con-full e-flex e-con e-child\" data-id=\"e0b5f73\" data-element_type=\"container\" data-settings=\"{&quot;background_background&quot;:&quot;classic&quot;}\">\n\t\t\t\t<div class=\"elementor-element elementor-element-15bfd22 elementor-widget__width-initial elementor-widget elementor-widget-text-editor\" data-id=\"15bfd22\" data-element_type=\"widget\" data-widget_type=\"text-editor.default\">\n\t\t\t\t<div class=\"elementor-widget-container\">\n\t\t\t\t\t\t\t<p>Junto con Nectanet, el equipo de Parkstory estuvo en la EXPO REAL 2023 de Munich del 04.04.2010. \u00a1hasta el 06 de octubre de 2023! Una buena oportunidad para conocernos, presentar nuestras soluciones de aparcamiento personalizadas y discutir en detalle tus proyectos.<\/p>\n\t\t\t\t\t\t<\/div>\n\t\t\t\t<\/div>\n\t\t<div class=\"elementor-element elementor-element-d0135be e-flex e-con-boxed e-con e-child\" data-id=\"d0135be\" data-element_type=\"container\" data-settings=\"{&quot;background_background&quot;:&quot;classic&quot;}\">\n\t\t\t\t\t<div class=\"e-con-inner\">\n\t\t<div class=\"elementor-element elementor-element-df6fdf2 e-con-full e-flex e-con e-child\" data-id=\"df6fdf2\" data-element_type=\"container\" data-settings=\"{&quot;background_background&quot;:&quot;classic&quot;}\">\n\t\t<div class=\"elementor-element elementor-element-189ad52 e-flex e-con-boxed e-con e-child\" data-id=\"189ad52\" data-element_type=\"container\">\n\t\t\t\t\t<div class=\"e-con-inner\">\n\t\t<div class=\"elementor-element elementor-element-92ef9f4 e-flex e-con-boxed e-con e-child\" data-id=\"92ef9f4\" data-element_type=\"container\">\n\t\t\t\t\t<div class=\"e-con-inner\">\n\t\t\t\t<div class=\"elementor-element elementor-element-0d80e59 elementor-widget elementor-widget-heading\" data-id=\"0d80e59\" data-element_type=\"widget\" data-widget_type=\"heading.default\">\n\t\t\t\t<div class=\"elementor-widget-container\">\n\t\t\t<h3 class=\"elementor-heading-title elementor-size-default\">No te pierdas ninguna noticia<\/h3>\t\t<\/div>\n\t\t\t\t<\/div>\n\t\t\t\t<div class=\"elementor-element elementor-element-de9c9c1 elementor-widget elementor-widget-heading\" data-id=\"de9c9c1\" data-element_type=\"widget\" data-widget_type=\"heading.default\">\n\t\t\t\t<div class=\"elementor-widget-container\">\n\t\t\t<p class=\"elementor-heading-title elementor-size-default\">Te informamos de las novedades en LinkedIn.<\/p>\t\t<\/div>\n\t\t\t\t<\/div>\n\t\t\t\t<div class=\"elementor-element elementor-element-3838aae elementor-align-center elementor-widget elementor-widget-button\" data-id=\"3838aae\" data-element_type=\"widget\" data-widget_type=\"button.default\">\n\t\t\t\t<div class=\"elementor-widget-container\">\n\t\t\t\t\t<div class=\"elementor-button-wrapper\">\n\t\t\t<a class=\"elementor-button elementor-button-link elementor-size-sm\" href=\"https:\/\/www.linkedin.com\/company\/parkstory\" target=\"_blank\">\n\t\t\t\t\t\t<span class=\"elementor-button-content-wrapper\">\n\t\t\t\t\t\t<span class=\"elementor-button-icon\">\n\t\t\t\t\t\t\t<\/span>\n\t\t\t\t\t\t\t\t\t<span class=\"elementor-button-text\">LinkedIn<\/span>\n\t\t\t\t\t<\/span>\n\t\t\t\t\t<\/a>\n\t\t<\/div>\n\t\t\t\t<\/div>\n\t\t\t\t<\/div>\n\t\t\t\t\t<\/div>\n\t\t\t\t<\/div>\n\t\t\t\t\t<\/div>\n\t\t\t\t<\/div>\n\t\t\t\t<\/div>\n\t\t\t\t\t<\/div>\n\t\t\t\t<\/div>\n\t\t\t\t<\/div>\n\t\t\t\t\t<\/div>\n\t\t\t\t<\/div>\n\t\t\t\t<\/div>\n\t\t","protected":false},"excerpt":{"rendered":"<p>\u00bfQu\u00e9 novedades hay en Parkstory?\u200b Encuentra m\u00e1s sobre nuestro equipo y nuestros proyectos! EXPO REAL 2024 in Munich This year, Parkstory was again represented together with Nectanet at EXPO REAL 2024 in Munich from October 7 to 9, 2024. M\u00e1s informaci\u00f3n Parkex 2024 in Coventry, UK Parkstory was a guest at the Parkex 2024 trade [&hellip;]<\/p>\n","protected":false},"author":2,"featured_media":0,"parent":0,"menu_order":0,"comment_status":"closed","ping_status":"closed","template":"","meta":{"footnotes":""},"class_list":["post-6713","page","type-page","status-publish","hentry"],"yoast_head":"<!-- This site is optimized with the Yoast SEO plugin v23.4 - https:\/\/yoast.com\/wordpress\/plugins\/seo\/ -->\n<title>Noticias en Parkstory - \u00a1Descubra m\u00e1s sobre nuestro equipo y nuestros proyectos!<\/title>\n<meta name=\"description\" content=\"\u00bfCu\u00e1les son las novedades de Parkstory? Encuentra m\u00e1s sobre nuestro equipo y nuestros proyectos! Katajanokan Laituri, Wolfram Britz en Parkstory, Expo Real...\" \/>\n<meta name=\"robots\" content=\"index, follow, max-snippet:-1, max-image-preview:large, max-video-preview:-1\" \/>\n<link rel=\"canonical\" href=\"https:\/\/parkstory.com\/es\/todas-las-noticias\/\" \/>\n<meta property=\"og:locale\" content=\"es_ES\" \/>\n<meta property=\"og:type\" content=\"article\" \/>\n<meta property=\"og:title\" content=\"Noticias en Parkstory - \u00a1Descubra m\u00e1s sobre nuestro equipo y nuestros proyectos!\" \/>\n<meta property=\"og:description\" content=\"\u00bfCu\u00e1les son las novedades de Parkstory? Encuentra m\u00e1s sobre nuestro equipo y nuestros proyectos! Katajanokan Laituri, Wolfram Britz en Parkstory, Expo Real...\" \/>\n<meta property=\"og:url\" content=\"https:\/\/parkstory.com\/es\/todas-las-noticias\/\" \/>\n<meta property=\"og:site_name\" content=\"Parkstory\" \/>\n<meta property=\"article:modified_time\" content=\"2026-04-16T13:09:05+00:00\" \/>\n<meta property=\"og:image\" content=\"https:\/\/parkstory.com\/wp-content\/uploads\/2024\/10\/Exop-Real-2024_.jpg\" \/>\n<meta name=\"twitter:card\" content=\"summary_large_image\" \/>\n<meta name=\"twitter:label1\" content=\"Tiempo de lectura\" \/>\n\t<meta name=\"twitter:data1\" content=\"3 minutos\" \/>\n<script type=\"application\/ld+json\" class=\"yoast-schema-graph\">{\"@context\":\"https:\/\/schema.org\",\"@graph\":[{\"@type\":\"WebPage\",\"@id\":\"https:\/\/parkstory.com\/es\/todas-las-noticias\/\",\"url\":\"https:\/\/parkstory.com\/es\/todas-las-noticias\/\",\"name\":\"Noticias en Parkstory - \u00a1Descubra m\u00e1s sobre nuestro equipo y nuestros proyectos!\",\"isPartOf\":{\"@id\":\"https:\/\/parkstory.com\/es\/#website\"},\"primaryImageOfPage\":{\"@id\":\"https:\/\/parkstory.com\/es\/todas-las-noticias\/#primaryimage\"},\"image\":{\"@id\":\"https:\/\/parkstory.com\/es\/todas-las-noticias\/#primaryimage\"},\"thumbnailUrl\":\"https:\/\/parkstory.com\/wp-content\/uploads\/2024\/10\/Exop-Real-2024_.jpg\",\"datePublished\":\"2024-01-10T14:03:10+00:00\",\"dateModified\":\"2026-04-16T13:09:05+00:00\",\"description\":\"\u00bfCu\u00e1les son las novedades de Parkstory? Encuentra m\u00e1s sobre nuestro equipo y nuestros proyectos! Katajanokan Laituri, Wolfram Britz en Parkstory, Expo Real...\",\"breadcrumb\":{\"@id\":\"https:\/\/parkstory.com\/es\/todas-las-noticias\/#breadcrumb\"},\"inLanguage\":\"es\",\"potentialAction\":[{\"@type\":\"ReadAction\",\"target\":[\"https:\/\/parkstory.com\/es\/todas-las-noticias\/\"]}]},{\"@type\":\"ImageObject\",\"inLanguage\":\"es\",\"@id\":\"https:\/\/parkstory.com\/es\/todas-las-noticias\/#primaryimage\",\"url\":\"https:\/\/parkstory.com\/wp-content\/uploads\/2024\/10\/Exop-Real-2024_.jpg\",\"contentUrl\":\"https:\/\/parkstory.com\/wp-content\/uploads\/2024\/10\/Exop-Real-2024_.jpg\"},{\"@type\":\"BreadcrumbList\",\"@id\":\"https:\/\/parkstory.com\/es\/todas-las-noticias\/#breadcrumb\",\"itemListElement\":[{\"@type\":\"ListItem\",\"position\":1,\"name\":\"Home\",\"item\":\"https:\/\/parkstory.com\/es\/\"},{\"@type\":\"ListItem\",\"position\":2,\"name\":\"Todas las noticias\"}]},{\"@type\":\"WebSite\",\"@id\":\"https:\/\/parkstory.com\/es\/#website\",\"url\":\"https:\/\/parkstory.com\/es\/\",\"name\":\"Parkstory\",\"description\":\"\",\"publisher\":{\"@id\":\"https:\/\/parkstory.com\/es\/#organization\"},\"potentialAction\":[{\"@type\":\"SearchAction\",\"target\":{\"@type\":\"EntryPoint\",\"urlTemplate\":\"https:\/\/parkstory.com\/es\/?s={search_term_string}\"},\"query-input\":{\"@type\":\"PropertyValueSpecification\",\"valueRequired\":true,\"valueName\":\"search_term_string\"}}],\"inLanguage\":\"es\"},{\"@type\":\"Organization\",\"@id\":\"https:\/\/parkstory.com\/es\/#organization\",\"name\":\"Parkstory\",\"url\":\"https:\/\/parkstory.com\/es\/\",\"logo\":{\"@type\":\"ImageObject\",\"inLanguage\":\"es\",\"@id\":\"https:\/\/parkstory.com\/es\/#\/schema\/logo\/image\/\",\"url\":\"https:\/\/parkstory.com\/wp-content\/uploads\/2024\/01\/ps_logo_farbe_einfach_RGB.png\",\"contentUrl\":\"https:\/\/parkstory.com\/wp-content\/uploads\/2024\/01\/ps_logo_farbe_einfach_RGB.png\",\"width\":1668,\"height\":1266,\"caption\":\"Parkstory\"},\"image\":{\"@id\":\"https:\/\/parkstory.com\/es\/#\/schema\/logo\/image\/\"}}]}<\/script>\n<!-- \/ Yoast SEO plugin. -->","yoast_head_json":{"title":"Noticias en Parkstory - \u00a1Descubra m\u00e1s sobre nuestro equipo y nuestros proyectos!","description":"\u00bfCu\u00e1les son las novedades de Parkstory? Encuentra m\u00e1s sobre nuestro equipo y nuestros proyectos! Katajanokan Laituri, Wolfram Britz en Parkstory, Expo Real...","robots":{"index":"index","follow":"follow","max-snippet":"max-snippet:-1","max-image-preview":"max-image-preview:large","max-video-preview":"max-video-preview:-1"},"canonical":"https:\/\/parkstory.com\/es\/todas-las-noticias\/","og_locale":"es_ES","og_type":"article","og_title":"Noticias en Parkstory - \u00a1Descubra m\u00e1s sobre nuestro equipo y nuestros proyectos!","og_description":"\u00bfCu\u00e1les son las novedades de Parkstory? Encuentra m\u00e1s sobre nuestro equipo y nuestros proyectos! Katajanokan Laituri, Wolfram Britz en Parkstory, Expo Real...","og_url":"https:\/\/parkstory.com\/es\/todas-las-noticias\/","og_site_name":"Parkstory","article_modified_time":"2026-04-16T13:09:05+00:00","og_image":[{"url":"https:\/\/parkstory.com\/wp-content\/uploads\/2024\/10\/Exop-Real-2024_.jpg"}],"twitter_card":"summary_large_image","twitter_misc":{"Tiempo de lectura":"3 minutos"},"schema":{"@context":"https:\/\/schema.org","@graph":[{"@type":"WebPage","@id":"https:\/\/parkstory.com\/es\/todas-las-noticias\/","url":"https:\/\/parkstory.com\/es\/todas-las-noticias\/","name":"Noticias en Parkstory - \u00a1Descubra m\u00e1s sobre nuestro equipo y nuestros proyectos!","isPartOf":{"@id":"https:\/\/parkstory.com\/es\/#website"},"primaryImageOfPage":{"@id":"https:\/\/parkstory.com\/es\/todas-las-noticias\/#primaryimage"},"image":{"@id":"https:\/\/parkstory.com\/es\/todas-las-noticias\/#primaryimage"},"thumbnailUrl":"https:\/\/parkstory.com\/wp-content\/uploads\/2024\/10\/Exop-Real-2024_.jpg","datePublished":"2024-01-10T14:03:10+00:00","dateModified":"2026-04-16T13:09:05+00:00","description":"\u00bfCu\u00e1les son las novedades de Parkstory? Encuentra m\u00e1s sobre nuestro equipo y nuestros proyectos! Katajanokan Laituri, Wolfram Britz en Parkstory, Expo Real...","breadcrumb":{"@id":"https:\/\/parkstory.com\/es\/todas-las-noticias\/#breadcrumb"},"inLanguage":"es","potentialAction":[{"@type":"ReadAction","target":["https:\/\/parkstory.com\/es\/todas-las-noticias\/"]}]},{"@type":"ImageObject","inLanguage":"es","@id":"https:\/\/parkstory.com\/es\/todas-las-noticias\/#primaryimage","url":"https:\/\/parkstory.com\/wp-content\/uploads\/2024\/10\/Exop-Real-2024_.jpg","contentUrl":"https:\/\/parkstory.com\/wp-content\/uploads\/2024\/10\/Exop-Real-2024_.jpg"},{"@type":"BreadcrumbList","@id":"https:\/\/parkstory.com\/es\/todas-las-noticias\/#breadcrumb","itemListElement":[{"@type":"ListItem","position":1,"name":"Home","item":"https:\/\/parkstory.com\/es\/"},{"@type":"ListItem","position":2,"name":"Todas las noticias"}]},{"@type":"WebSite","@id":"https:\/\/parkstory.com\/es\/#website","url":"https:\/\/parkstory.com\/es\/","name":"Parkstory","description":"","publisher":{"@id":"https:\/\/parkstory.com\/es\/#organization"},"potentialAction":[{"@type":"SearchAction","target":{"@type":"EntryPoint","urlTemplate":"https:\/\/parkstory.com\/es\/?s={search_term_string}"},"query-input":{"@type":"PropertyValueSpecification","valueRequired":true,"valueName":"search_term_string"}}],"inLanguage":"es"},{"@type":"Organization","@id":"https:\/\/parkstory.com\/es\/#organization","name":"Parkstory","url":"https:\/\/parkstory.com\/es\/","logo":{"@type":"ImageObject","inLanguage":"es","@id":"https:\/\/parkstory.com\/es\/#\/schema\/logo\/image\/","url":"https:\/\/parkstory.com\/wp-content\/uploads\/2024\/01\/ps_logo_farbe_einfach_RGB.png","contentUrl":"https:\/\/parkstory.com\/wp-content\/uploads\/2024\/01\/ps_logo_farbe_einfach_RGB.png","width":1668,"height":1266,"caption":"Parkstory"},"image":{"@id":"https:\/\/parkstory.com\/es\/#\/schema\/logo\/image\/"}}]}},"_links":{"self":[{"href":"https:\/\/parkstory.com\/es\/wp-json\/wp\/v2\/pages\/6713","targetHints":{"allow":["GET"]}}],"collection":[{"href":"https:\/\/parkstory.com\/es\/wp-json\/wp\/v2\/pages"}],"about":[{"href":"https:\/\/parkstory.com\/es\/wp-json\/wp\/v2\/types\/page"}],"author":[{"embeddable":true,"href":"https:\/\/parkstory.com\/es\/wp-json\/wp\/v2\/users\/2"}],"replies":[{"embeddable":true,"href":"https:\/\/parkstory.com\/es\/wp-json\/wp\/v2\/comments?post=6713"}],"version-history":[{"count":17,"href":"https:\/\/parkstory.com\/es\/wp-json\/wp\/v2\/pages\/6713\/revisions"}],"predecessor-version":[{"id":19607,"href":"https:\/\/parkstory.com\/es\/wp-json\/wp\/v2\/pages\/6713\/revisions\/19607"}],"wp:attachment":[{"href":"https:\/\/parkstory.com\/es\/wp-json\/wp\/v2\/media?parent=6713"}],"curies":[{"name":"wp","href":"https:\/\/api.w.org\/{rel}","templated":true}]}}