{"id":1679,"date":"2024-01-10T14:03:10","date_gmt":"2024-01-10T14:03:10","guid":{"rendered":"https:\/\/parkstory.com\/?page_id=1679"},"modified":"2026-04-16T13:06:39","modified_gmt":"2026-04-16T13:06:39","slug":"all-news","status":"publish","type":"page","link":"https:\/\/parkstory.com\/en\/all-news\/","title":{"rendered":"All news"},"content":{"rendered":"\t\t<div data-elementor-type=\"wp-page\" data-elementor-id=\"1679\" class=\"elementor elementor-1679\" data-elementor-post-type=\"page\">\n\t\t\t\t<div class=\"elementor-element elementor-element-e3f71ff e-flex e-con-boxed e-con e-parent\" data-id=\"e3f71ff\" data-element_type=\"container\">\n\t\t\t\t\t<div class=\"e-con-inner\">\n\t\t\t\t<div class=\"elementor-element elementor-element-147c851 elementor-widget elementor-widget-heading\" data-id=\"147c851\" data-element_type=\"widget\" data-widget_type=\"heading.default\">\n\t\t\t\t<div class=\"elementor-widget-container\">\n\t\t\t<h2 class=\"elementor-heading-title elementor-size-default\">What's new at Parkstory?\u200b<\/h2>\t\t<\/div>\n\t\t\t\t<\/div>\n\t\t\t\t<div class=\"elementor-element elementor-element-355c166 elementor-widget elementor-widget-text-editor\" data-id=\"355c166\" data-element_type=\"widget\" data-widget_type=\"text-editor.default\">\n\t\t\t\t<div class=\"elementor-widget-container\">\n\t\t\t\t\t\t\t<p>Find out more about our team and our projects!<\/p>\t\t\t\t\t\t<\/div>\n\t\t\t\t<\/div>\n\t\t\t\t\t<\/div>\n\t\t\t\t<\/div>\n\t\t<div class=\"elementor-element elementor-element-c068be7 e-flex e-con-boxed e-con e-parent\" data-id=\"c068be7\" data-element_type=\"container\">\n\t\t\t\t\t<div class=\"e-con-inner\">\n\t\t\t\t<div class=\"elementor-element elementor-element-fd215f6 anwp-pg-widget-header-style--b anwp-pg-post-teaser__post-icon--size-16 elementor-widget elementor-widget-anwp-pg-classic-grid\" data-id=\"fd215f6\" data-element_type=\"widget\" data-widget_type=\"anwp-pg-classic-grid.default\">\n\t\t\t\t<div class=\"elementor-widget-container\">\n\t\t\t<div class=\"anwp-pg-wrap\">\n\n\t\n\t<div class=\"d-flex anwp-row flex-wrap anwp-pg-classic-grid anwp-pg-posts-wrapper\">\n\t\t<div class=\"anwp-pg-post-teaser anwp-pg-post-teaser--inner-cover-link anwp-pg-post-teaser--layout-d d-flex flex-column anwp-col-lg-4 anwp-col-sm-6 anwp-col-12 anwp-pg-post-teaser--with-read-more \">\n\t<div class=\"anwp-pg-post-teaser__thumbnail position-relative\">\n\n\t\t\n\t\t\n\t\t\t\t\t<img loading=\"lazy\" class=\"anwp-pg-post-teaser__thumbnail-img d-block anwp-pg-height-250 anwp-object-cover m-0 w-100\"\n\t\t\t\talt=\"BAARERMATTE,Switzerland\"\n\t\t\t\tsrc=\"https:\/\/parkstory.com\/wp-content\/uploads\/2026\/04\/Baarermatte-vollautomatischer_Mobilitatsturm-Baar-Schweiz-Parkstory-05_.jpg\"\/>\n\t\t\n\t\t<div class=\"anwp-pg-post-teaser__thumbnail-bg anwp-position-cover\"><\/div>\n\n\t\t<a class=\"anwp-position-cover anwp-link-without-effects\" href=\"https:\/\/parkstory.com\/en\/2026\/04\/28\/baarermatte-switzerland\/\" aria-hidden=\"true\" ><\/a>\n\t<\/div>\n\n\t<div class=\"anwp-pg-post-teaser__content flex-grow-1 pt-1 d-flex flex-column\">\n\n\t\t<div class=\"anwp-pg-post-teaser__title anwp-font-heading mt-2\">\n\t\t\t<a class=\"anwp-link-without-effects\" href=\"https:\/\/parkstory.com\/en\/2026\/04\/28\/baarermatte-switzerland\/\" aria-hidden=\"true\" >\n\t\t\t\tBAARERMATTE,Switzerland\t\t\t<\/a>\n\t\t<\/div>\n\n\t\t<div class=\"anwp-pg-post-teaser__bottom-meta d-flex flex-wrap\">\n\n\t\t\t\n\t\t\t\t\t<\/div>\n\n\t\t\t\t\t<div class=\"anwp-pg-post-teaser__excerpt mb-2\">\n\t\t\t\tRethinking sustainable construction: With Baarermatte, the Allreal Group is realizing a pioneering project with timber construction, photovoltaics and an innovative parking solution for a green future.\t\t\t<\/div>\n\t\t\n\t\t\t\t\t<div class=\"w-100 anwp-pg-read-more mt-auto\">\n\t\t\t\t<a href=\"https:\/\/parkstory.com\/en\/2026\/04\/28\/baarermatte-switzerland\/\" \t\t\t\t\tclass=\"anwp-pg-read-more__btn mt-3 mb-0 btn-more\">\n\t\t\t\t\tRead more\t\t\t\t<\/a>\n\t\t\t<\/div>\n\t\t\n\t<\/div>\n\n<\/div>\n<div class=\"anwp-pg-post-teaser anwp-pg-post-teaser--inner-cover-link anwp-pg-post-teaser--layout-d d-flex flex-column anwp-col-lg-4 anwp-col-sm-6 anwp-col-12 anwp-pg-post-teaser--with-read-more \">\n\t<div class=\"anwp-pg-post-teaser__thumbnail position-relative\">\n\n\t\t\n\t\t\n\t\t\t\t\t<img loading=\"lazy\" class=\"anwp-pg-post-teaser__thumbnail-img d-block anwp-pg-height-250 anwp-object-cover m-0 w-100\"\n\t\t\t\talt=\"Review: Intertraffic 2026 in Amsterdam\"\n\t\t\t\tsrc=\"https:\/\/parkstory.com\/wp-content\/uploads\/2026\/04\/Parkstory-auf-der-Intertraffic-Amsterdam-2026_.jpg\"\/>\n\t\t\n\t\t<div class=\"anwp-pg-post-teaser__thumbnail-bg anwp-position-cover\"><\/div>\n\n\t\t<a class=\"anwp-position-cover anwp-link-without-effects\" href=\"https:\/\/parkstory.com\/en\/2026\/03\/16\/review-intertraffic-2026-in-amsterdam\/\" aria-hidden=\"true\" ><\/a>\n\t<\/div>\n\n\t<div class=\"anwp-pg-post-teaser__content flex-grow-1 pt-1 d-flex flex-column\">\n\n\t\t<div class=\"anwp-pg-post-teaser__title anwp-font-heading mt-2\">\n\t\t\t<a class=\"anwp-link-without-effects\" href=\"https:\/\/parkstory.com\/en\/2026\/03\/16\/review-intertraffic-2026-in-amsterdam\/\" aria-hidden=\"true\" >\n\t\t\t\tReview: Intertraffic 2026 in Amsterdam\t\t\t<\/a>\n\t\t<\/div>\n\n\t\t<div class=\"anwp-pg-post-teaser__bottom-meta d-flex flex-wrap\">\n\n\t\t\t\n\t\t\t\t\t<\/div>\n\n\t\t\t\t\t<div class=\"anwp-pg-post-teaser__excerpt mb-2\">\n\t\t\t\tParkstory looks back on a successful Intertraffic Amsterdam 2026. Discover our highlights on the future of urban mobility!\t\t\t<\/div>\n\t\t\n\t\t\t\t\t<div class=\"w-100 anwp-pg-read-more mt-auto\">\n\t\t\t\t<a href=\"https:\/\/parkstory.com\/en\/2026\/03\/16\/review-intertraffic-2026-in-amsterdam\/\" \t\t\t\t\tclass=\"anwp-pg-read-more__btn mt-3 mb-0 btn-more\">\n\t\t\t\t\tRead more\t\t\t\t<\/a>\n\t\t\t<\/div>\n\t\t\n\t<\/div>\n\n<\/div>\n<div class=\"anwp-pg-post-teaser anwp-pg-post-teaser--inner-cover-link anwp-pg-post-teaser--layout-d d-flex flex-column anwp-col-lg-4 anwp-col-sm-6 anwp-col-12 anwp-pg-post-teaser--with-read-more \">\n\t<div class=\"anwp-pg-post-teaser__thumbnail position-relative\">\n\n\t\t\n\t\t\n\t\t\t\t\t<img loading=\"lazy\" class=\"anwp-pg-post-teaser__thumbnail-img d-block anwp-pg-height-250 anwp-object-cover m-0 w-100\"\n\t\t\t\talt=\"KATAJANOKAN LAITURI\"\n\t\t\t\tsrc=\"https:\/\/parkstory.com\/wp-content\/uploads\/2024\/03\/katajanokan-4.png\"\/>\n\t\t\n\t\t<div class=\"anwp-pg-post-teaser__thumbnail-bg anwp-position-cover\"><\/div>\n\n\t\t<a class=\"anwp-position-cover anwp-link-without-effects\" href=\"https:\/\/parkstory.com\/en\/2023\/11\/22\/news-parkstory-katajanokan-laituri\/\" aria-hidden=\"true\" ><\/a>\n\t<\/div>\n\n\t<div class=\"anwp-pg-post-teaser__content flex-grow-1 pt-1 d-flex flex-column\">\n\n\t\t<div class=\"anwp-pg-post-teaser__title anwp-font-heading mt-2\">\n\t\t\t<a class=\"anwp-link-without-effects\" href=\"https:\/\/parkstory.com\/en\/2023\/11\/22\/news-parkstory-katajanokan-laituri\/\" aria-hidden=\"true\" >\n\t\t\t\tKATAJANOKAN LAITURI\t\t\t<\/a>\n\t\t<\/div>\n\n\t\t<div class=\"anwp-pg-post-teaser__bottom-meta d-flex flex-wrap\">\n\n\t\t\t\n\t\t\t\t\t<\/div>\n\n\t\t\t\t\t<div class=\"anwp-pg-post-teaser__excerpt mb-2\">\n\t\t\t\tThe Parkstory-team is proud to present its first project in Finland! Katajanokan Laituri is a building that will house the head office of Stora Enso and a hotel, and will ...\t\t\t<\/div>\n\t\t\n\t\t\t\t\t<div class=\"w-100 anwp-pg-read-more mt-auto\">\n\t\t\t\t<a href=\"https:\/\/parkstory.com\/en\/2023\/11\/22\/news-parkstory-katajanokan-laituri\/\" \t\t\t\t\tclass=\"anwp-pg-read-more__btn mt-3 mb-0 btn-more\">\n\t\t\t\t\tRead more\t\t\t\t<\/a>\n\t\t\t<\/div>\n\t\t\n\t<\/div>\n\n<\/div>\n<div class=\"anwp-pg-post-teaser anwp-pg-post-teaser--inner-cover-link anwp-pg-post-teaser--layout-d d-flex flex-column anwp-col-lg-4 anwp-col-sm-6 anwp-col-12 anwp-pg-post-teaser--with-read-more \">\n\t<div class=\"anwp-pg-post-teaser__thumbnail position-relative\">\n\n\t\t\n\t\t\n\t\t\t\t\t<img loading=\"lazy\" class=\"anwp-pg-post-teaser__thumbnail-img d-block anwp-pg-height-250 anwp-object-cover m-0 w-100\"\n\t\t\t\talt=\"Mayor Wolfram Britz at Parkstory!\"\n\t\t\t\tsrc=\"https:\/\/parkstory.com\/wp-content\/uploads\/2024\/01\/IMG_2914-scaled.jpg\"\/>\n\t\t\n\t\t<div class=\"anwp-pg-post-teaser__thumbnail-bg anwp-position-cover\"><\/div>\n\n\t\t<a class=\"anwp-position-cover anwp-link-without-effects\" href=\"https:\/\/parkstory.com\/en\/2023\/10\/09\/news-parkstory-wolfram-britz-at-parkstory\/\" aria-hidden=\"true\" ><\/a>\n\t<\/div>\n\n\t<div class=\"anwp-pg-post-teaser__content flex-grow-1 pt-1 d-flex flex-column\">\n\n\t\t<div class=\"anwp-pg-post-teaser__title anwp-font-heading mt-2\">\n\t\t\t<a class=\"anwp-link-without-effects\" href=\"https:\/\/parkstory.com\/en\/2023\/10\/09\/news-parkstory-wolfram-britz-at-parkstory\/\" aria-hidden=\"true\" >\n\t\t\t\tMayor Wolfram Britz at Parkstory!\t\t\t<\/a>\n\t\t<\/div>\n\n\t\t<div class=\"anwp-pg-post-teaser__bottom-meta d-flex flex-wrap\">\n\n\t\t\t\n\t\t\t\t\t<\/div>\n\n\t\t\t\t\t<div class=\"anwp-pg-post-teaser__excerpt mb-2\">\n\t\t\t\tMayor Wolfram Britz came to visit our production facility in Kehl, Germany. The Parkstory-team used this opportunity to discuss international cooperation with the city of Kehl and to present our ...\t\t\t<\/div>\n\t\t\n\t\t\t\t\t<div class=\"w-100 anwp-pg-read-more mt-auto\">\n\t\t\t\t<a href=\"https:\/\/parkstory.com\/en\/2023\/10\/09\/news-parkstory-wolfram-britz-at-parkstory\/\" \t\t\t\t\tclass=\"anwp-pg-read-more__btn mt-3 mb-0 btn-more\">\n\t\t\t\t\tRead more\t\t\t\t<\/a>\n\t\t\t<\/div>\n\t\t\n\t<\/div>\n\n<\/div>\n<div class=\"anwp-pg-post-teaser anwp-pg-post-teaser--inner-cover-link anwp-pg-post-teaser--layout-d d-flex flex-column anwp-col-lg-4 anwp-col-sm-6 anwp-col-12 anwp-pg-post-teaser--with-read-more \">\n\t<div class=\"anwp-pg-post-teaser__thumbnail position-relative\">\n\n\t\t\n\t\t\n\t\t\t\t\t<img loading=\"lazy\" class=\"anwp-pg-post-teaser__thumbnail-img d-block anwp-pg-height-250 anwp-object-cover m-0 w-100\"\n\t\t\t\talt=\"EXPO REAL 2023\"\n\t\t\t\tsrc=\"https:\/\/parkstory.com\/wp-content\/uploads\/2024\/01\/Expo-Real-2023_2.png\"\/>\n\t\t\n\t\t<div class=\"anwp-pg-post-teaser__thumbnail-bg anwp-position-cover\"><\/div>\n\n\t\t<a class=\"anwp-position-cover anwp-link-without-effects\" href=\"https:\/\/parkstory.com\/en\/2023\/10\/06\/news-parkstory-expo-real-2023\/\" aria-hidden=\"true\" ><\/a>\n\t<\/div>\n\n\t<div class=\"anwp-pg-post-teaser__content flex-grow-1 pt-1 d-flex flex-column\">\n\n\t\t<div class=\"anwp-pg-post-teaser__title anwp-font-heading mt-2\">\n\t\t\t<a class=\"anwp-link-without-effects\" href=\"https:\/\/parkstory.com\/en\/2023\/10\/06\/news-parkstory-expo-real-2023\/\" aria-hidden=\"true\" >\n\t\t\t\tEXPO REAL 2023\t\t\t<\/a>\n\t\t<\/div>\n\n\t\t<div class=\"anwp-pg-post-teaser__bottom-meta d-flex flex-wrap\">\n\n\t\t\t\n\t\t\t\t\t<\/div>\n\n\t\t\t\t\t<div class=\"anwp-pg-post-teaser__excerpt mb-2\">\n\t\t\t\tThe Parkstory team joined Nectanet at the EXPO REAL 2023 in Munich from 04 to 06 october 2023! A nice opportunity to get to know each other, introduce our customized ...\t\t\t<\/div>\n\t\t\n\t\t\t\t\t<div class=\"w-100 anwp-pg-read-more mt-auto\">\n\t\t\t\t<a href=\"https:\/\/parkstory.com\/en\/2023\/10\/06\/news-parkstory-expo-real-2023\/\" \t\t\t\t\tclass=\"anwp-pg-read-more__btn mt-3 mb-0 btn-more\">\n\t\t\t\t\tRead more\t\t\t\t<\/a>\n\t\t\t<\/div>\n\t\t\n\t<\/div>\n\n<\/div>\n\t<\/div>\n\t\n\t<\/div>\n\t\t<\/div>\n\t\t\t\t<\/div>\n\t\t\t\t\t<\/div>\n\t\t\t\t<\/div>\n\t\t<div class=\"elementor-element elementor-element-3ee4021 e-flex e-con-boxed e-con e-parent\" data-id=\"3ee4021\" data-element_type=\"container\" data-settings=\"{&quot;background_background&quot;:&quot;classic&quot;}\">\n\t\t\t\t\t<div class=\"e-con-inner\">\n\t\t<div class=\"elementor-element elementor-element-384081a e-con-full e-flex e-con e-child\" data-id=\"384081a\" data-element_type=\"container\" data-settings=\"{&quot;background_background&quot;:&quot;classic&quot;}\">\n\t\t\t\t<div class=\"elementor-element elementor-element-06c48f3 elementor-widget__width-initial elementor-widget elementor-widget-text-editor\" data-id=\"06c48f3\" data-element_type=\"widget\" data-widget_type=\"text-editor.default\">\n\t\t\t\t<div class=\"elementor-widget-container\">\n\t\t\t\t\t\t\t<p>Together with Nectanet, the Parkstory team was at EXPO REAL 2023 in Munich from 07. until October 09, 2024! A good opportunity to get to know each other, present our customized parking solutions and discuss your projects in detail.<\/p>\n\t\t\t\t\t\t<\/div>\n\t\t\t\t<\/div>\n\t\t<div class=\"elementor-element elementor-element-e8f383b e-flex e-con-boxed e-con e-child\" data-id=\"e8f383b\" data-element_type=\"container\" data-settings=\"{&quot;background_background&quot;:&quot;classic&quot;}\">\n\t\t\t\t\t<div class=\"e-con-inner\">\n\t\t<div class=\"elementor-element elementor-element-7c9fec0 e-con-full e-flex e-con e-child\" data-id=\"7c9fec0\" data-element_type=\"container\" data-settings=\"{&quot;background_background&quot;:&quot;classic&quot;}\">\n\t\t<div class=\"elementor-element elementor-element-b7abf0b e-flex e-con-boxed e-con e-child\" data-id=\"b7abf0b\" data-element_type=\"container\">\n\t\t\t\t\t<div class=\"e-con-inner\">\n\t\t<div class=\"elementor-element elementor-element-415e29f e-flex e-con-boxed e-con e-child\" data-id=\"415e29f\" data-element_type=\"container\">\n\t\t\t\t\t<div class=\"e-con-inner\">\n\t\t\t\t<div class=\"elementor-element elementor-element-aa5a946 elementor-widget elementor-widget-heading\" data-id=\"aa5a946\" data-element_type=\"widget\" data-widget_type=\"heading.default\">\n\t\t\t\t<div class=\"elementor-widget-container\">\n\t\t\t<h3 class=\"elementor-heading-title elementor-size-default\">Don't miss any news<\/h3>\t\t<\/div>\n\t\t\t\t<\/div>\n\t\t\t\t<div class=\"elementor-element elementor-element-73aa710 elementor-widget elementor-widget-heading\" data-id=\"73aa710\" data-element_type=\"widget\" data-widget_type=\"heading.default\">\n\t\t\t\t<div class=\"elementor-widget-container\">\n\t\t\t<p class=\"elementor-heading-title elementor-size-default\">We inform you about news on LinkedIn.<\/p>\t\t<\/div>\n\t\t\t\t<\/div>\n\t\t\t\t<div class=\"elementor-element elementor-element-7fa31bf elementor-align-center elementor-widget elementor-widget-button\" data-id=\"7fa31bf\" data-element_type=\"widget\" data-widget_type=\"button.default\">\n\t\t\t\t<div class=\"elementor-widget-container\">\n\t\t\t\t\t<div class=\"elementor-button-wrapper\">\n\t\t\t<a class=\"elementor-button elementor-button-link elementor-size-sm\" href=\"https:\/\/www.linkedin.com\/company\/parkstory\" target=\"_blank\">\n\t\t\t\t\t\t<span class=\"elementor-button-content-wrapper\">\n\t\t\t\t\t\t<span class=\"elementor-button-icon\">\n\t\t\t\t\t\t\t<\/span>\n\t\t\t\t\t\t\t\t\t<span class=\"elementor-button-text\">LinkedIn<\/span>\n\t\t\t\t\t<\/span>\n\t\t\t\t\t<\/a>\n\t\t<\/div>\n\t\t\t\t<\/div>\n\t\t\t\t<\/div>\n\t\t\t\t\t<\/div>\n\t\t\t\t<\/div>\n\t\t\t\t\t<\/div>\n\t\t\t\t<\/div>\n\t\t\t\t<\/div>\n\t\t\t\t\t<\/div>\n\t\t\t\t<\/div>\n\t\t\t\t<\/div>\n\t\t\t\t\t<\/div>\n\t\t\t\t<\/div>\n\t\t\t\t<\/div>\n\t\t","protected":false},"excerpt":{"rendered":"<p>What&#8217;s new at Parkstory?\u200b Find out more about our team and our projects! EXPO REAL 2024 en M\u00fanich Este a\u00f1o, Parkstory volvi\u00f3 a estar representada junto con Nectanet en la EXPO REAL 2024, celebrada en M\u00fanich del 7 al 9 de octubre. Read more Parkex 2024 en Coventry, Reino Unido Parkstory asisti\u00f3 como invitado a [&hellip;]<\/p>\n","protected":false},"author":2,"featured_media":0,"parent":0,"menu_order":0,"comment_status":"closed","ping_status":"closed","template":"","meta":{"footnotes":""},"class_list":["post-1679","page","type-page","status-publish","hentry"],"yoast_head":"<!-- This site is optimized with the Yoast SEO plugin v23.4 - https:\/\/yoast.com\/wordpress\/plugins\/seo\/ -->\n<title>News at Parkstory - Find out more about our team and our projects!<\/title>\n<meta name=\"description\" content=\"What are the news at Parkstory? Find out more about our team and our projects! Katajanokan Laituri, Wolfram Britz at Parkstory, Expo Real...\" \/>\n<meta name=\"robots\" content=\"index, follow, max-snippet:-1, max-image-preview:large, max-video-preview:-1\" \/>\n<link rel=\"canonical\" href=\"https:\/\/parkstory.com\/en\/all-news\/\" \/>\n<meta property=\"og:locale\" content=\"en_GB\" \/>\n<meta property=\"og:type\" content=\"article\" \/>\n<meta property=\"og:title\" content=\"News at Parkstory - Find out more about our team and our projects!\" \/>\n<meta property=\"og:description\" content=\"What are the news at Parkstory? Find out more about our team and our projects! Katajanokan Laituri, Wolfram Britz at Parkstory, Expo Real...\" \/>\n<meta property=\"og:url\" content=\"https:\/\/parkstory.com\/en\/all-news\/\" \/>\n<meta property=\"og:site_name\" content=\"Parkstory\" \/>\n<meta property=\"article:modified_time\" content=\"2026-04-16T13:06:39+00:00\" \/>\n<meta property=\"og:image\" content=\"https:\/\/parkstory.com\/wp-content\/uploads\/2024\/10\/Exop-Real-2024_.jpg\" \/>\n<meta name=\"twitter:card\" content=\"summary_large_image\" \/>\n<meta name=\"twitter:label1\" content=\"Estimated reading time\" \/>\n\t<meta name=\"twitter:data1\" content=\"3 minutes\" \/>\n<script type=\"application\/ld+json\" class=\"yoast-schema-graph\">{\"@context\":\"https:\/\/schema.org\",\"@graph\":[{\"@type\":\"WebPage\",\"@id\":\"https:\/\/parkstory.com\/en\/all-news\/\",\"url\":\"https:\/\/parkstory.com\/en\/all-news\/\",\"name\":\"News at Parkstory - Find out more about our team and our projects!\",\"isPartOf\":{\"@id\":\"https:\/\/parkstory.com\/en\/#website\"},\"primaryImageOfPage\":{\"@id\":\"https:\/\/parkstory.com\/en\/all-news\/#primaryimage\"},\"image\":{\"@id\":\"https:\/\/parkstory.com\/en\/all-news\/#primaryimage\"},\"thumbnailUrl\":\"https:\/\/parkstory.com\/wp-content\/uploads\/2024\/10\/Exop-Real-2024_.jpg\",\"datePublished\":\"2024-01-10T14:03:10+00:00\",\"dateModified\":\"2026-04-16T13:06:39+00:00\",\"description\":\"What are the news at Parkstory? Find out more about our team and our projects! Katajanokan Laituri, Wolfram Britz at Parkstory, Expo Real...\",\"breadcrumb\":{\"@id\":\"https:\/\/parkstory.com\/en\/all-news\/#breadcrumb\"},\"inLanguage\":\"en-GB\",\"potentialAction\":[{\"@type\":\"ReadAction\",\"target\":[\"https:\/\/parkstory.com\/en\/all-news\/\"]}]},{\"@type\":\"ImageObject\",\"inLanguage\":\"en-GB\",\"@id\":\"https:\/\/parkstory.com\/en\/all-news\/#primaryimage\",\"url\":\"https:\/\/parkstory.com\/wp-content\/uploads\/2024\/10\/Exop-Real-2024_.jpg\",\"contentUrl\":\"https:\/\/parkstory.com\/wp-content\/uploads\/2024\/10\/Exop-Real-2024_.jpg\"},{\"@type\":\"BreadcrumbList\",\"@id\":\"https:\/\/parkstory.com\/en\/all-news\/#breadcrumb\",\"itemListElement\":[{\"@type\":\"ListItem\",\"position\":1,\"name\":\"Home\",\"item\":\"https:\/\/parkstory.com\/en\/\"},{\"@type\":\"ListItem\",\"position\":2,\"name\":\"All news\"}]},{\"@type\":\"WebSite\",\"@id\":\"https:\/\/parkstory.com\/en\/#website\",\"url\":\"https:\/\/parkstory.com\/en\/\",\"name\":\"Parkstory\",\"description\":\"\",\"publisher\":{\"@id\":\"https:\/\/parkstory.com\/en\/#organization\"},\"potentialAction\":[{\"@type\":\"SearchAction\",\"target\":{\"@type\":\"EntryPoint\",\"urlTemplate\":\"https:\/\/parkstory.com\/en\/?s={search_term_string}\"},\"query-input\":{\"@type\":\"PropertyValueSpecification\",\"valueRequired\":true,\"valueName\":\"search_term_string\"}}],\"inLanguage\":\"en-GB\"},{\"@type\":\"Organization\",\"@id\":\"https:\/\/parkstory.com\/en\/#organization\",\"name\":\"Parkstory\",\"url\":\"https:\/\/parkstory.com\/en\/\",\"logo\":{\"@type\":\"ImageObject\",\"inLanguage\":\"en-GB\",\"@id\":\"https:\/\/parkstory.com\/en\/#\/schema\/logo\/image\/\",\"url\":\"https:\/\/parkstory.com\/wp-content\/uploads\/2024\/01\/ps_logo_farbe_einfach_RGB.png\",\"contentUrl\":\"https:\/\/parkstory.com\/wp-content\/uploads\/2024\/01\/ps_logo_farbe_einfach_RGB.png\",\"width\":1668,\"height\":1266,\"caption\":\"Parkstory\"},\"image\":{\"@id\":\"https:\/\/parkstory.com\/en\/#\/schema\/logo\/image\/\"}}]}<\/script>\n<!-- \/ Yoast SEO plugin. -->","yoast_head_json":{"title":"News at Parkstory - Find out more about our team and our projects!","description":"What are the news at Parkstory? Find out more about our team and our projects! Katajanokan Laituri, Wolfram Britz at Parkstory, Expo Real...","robots":{"index":"index","follow":"follow","max-snippet":"max-snippet:-1","max-image-preview":"max-image-preview:large","max-video-preview":"max-video-preview:-1"},"canonical":"https:\/\/parkstory.com\/en\/all-news\/","og_locale":"en_GB","og_type":"article","og_title":"News at Parkstory - Find out more about our team and our projects!","og_description":"What are the news at Parkstory? Find out more about our team and our projects! Katajanokan Laituri, Wolfram Britz at Parkstory, Expo Real...","og_url":"https:\/\/parkstory.com\/en\/all-news\/","og_site_name":"Parkstory","article_modified_time":"2026-04-16T13:06:39+00:00","og_image":[{"url":"https:\/\/parkstory.com\/wp-content\/uploads\/2024\/10\/Exop-Real-2024_.jpg"}],"twitter_card":"summary_large_image","twitter_misc":{"Estimated reading time":"3 minutes"},"schema":{"@context":"https:\/\/schema.org","@graph":[{"@type":"WebPage","@id":"https:\/\/parkstory.com\/en\/all-news\/","url":"https:\/\/parkstory.com\/en\/all-news\/","name":"News at Parkstory - Find out more about our team and our projects!","isPartOf":{"@id":"https:\/\/parkstory.com\/en\/#website"},"primaryImageOfPage":{"@id":"https:\/\/parkstory.com\/en\/all-news\/#primaryimage"},"image":{"@id":"https:\/\/parkstory.com\/en\/all-news\/#primaryimage"},"thumbnailUrl":"https:\/\/parkstory.com\/wp-content\/uploads\/2024\/10\/Exop-Real-2024_.jpg","datePublished":"2024-01-10T14:03:10+00:00","dateModified":"2026-04-16T13:06:39+00:00","description":"What are the news at Parkstory? Find out more about our team and our projects! Katajanokan Laituri, Wolfram Britz at Parkstory, Expo Real...","breadcrumb":{"@id":"https:\/\/parkstory.com\/en\/all-news\/#breadcrumb"},"inLanguage":"en-GB","potentialAction":[{"@type":"ReadAction","target":["https:\/\/parkstory.com\/en\/all-news\/"]}]},{"@type":"ImageObject","inLanguage":"en-GB","@id":"https:\/\/parkstory.com\/en\/all-news\/#primaryimage","url":"https:\/\/parkstory.com\/wp-content\/uploads\/2024\/10\/Exop-Real-2024_.jpg","contentUrl":"https:\/\/parkstory.com\/wp-content\/uploads\/2024\/10\/Exop-Real-2024_.jpg"},{"@type":"BreadcrumbList","@id":"https:\/\/parkstory.com\/en\/all-news\/#breadcrumb","itemListElement":[{"@type":"ListItem","position":1,"name":"Home","item":"https:\/\/parkstory.com\/en\/"},{"@type":"ListItem","position":2,"name":"All news"}]},{"@type":"WebSite","@id":"https:\/\/parkstory.com\/en\/#website","url":"https:\/\/parkstory.com\/en\/","name":"Parkstory","description":"","publisher":{"@id":"https:\/\/parkstory.com\/en\/#organization"},"potentialAction":[{"@type":"SearchAction","target":{"@type":"EntryPoint","urlTemplate":"https:\/\/parkstory.com\/en\/?s={search_term_string}"},"query-input":{"@type":"PropertyValueSpecification","valueRequired":true,"valueName":"search_term_string"}}],"inLanguage":"en-GB"},{"@type":"Organization","@id":"https:\/\/parkstory.com\/en\/#organization","name":"Parkstory","url":"https:\/\/parkstory.com\/en\/","logo":{"@type":"ImageObject","inLanguage":"en-GB","@id":"https:\/\/parkstory.com\/en\/#\/schema\/logo\/image\/","url":"https:\/\/parkstory.com\/wp-content\/uploads\/2024\/01\/ps_logo_farbe_einfach_RGB.png","contentUrl":"https:\/\/parkstory.com\/wp-content\/uploads\/2024\/01\/ps_logo_farbe_einfach_RGB.png","width":1668,"height":1266,"caption":"Parkstory"},"image":{"@id":"https:\/\/parkstory.com\/en\/#\/schema\/logo\/image\/"}}]}},"_links":{"self":[{"href":"https:\/\/parkstory.com\/en\/wp-json\/wp\/v2\/pages\/1679","targetHints":{"allow":["GET"]}}],"collection":[{"href":"https:\/\/parkstory.com\/en\/wp-json\/wp\/v2\/pages"}],"about":[{"href":"https:\/\/parkstory.com\/en\/wp-json\/wp\/v2\/types\/page"}],"author":[{"embeddable":true,"href":"https:\/\/parkstory.com\/en\/wp-json\/wp\/v2\/users\/2"}],"replies":[{"embeddable":true,"href":"https:\/\/parkstory.com\/en\/wp-json\/wp\/v2\/comments?post=1679"}],"version-history":[{"count":24,"href":"https:\/\/parkstory.com\/en\/wp-json\/wp\/v2\/pages\/1679\/revisions"}],"predecessor-version":[{"id":19598,"href":"https:\/\/parkstory.com\/en\/wp-json\/wp\/v2\/pages\/1679\/revisions\/19598"}],"wp:attachment":[{"href":"https:\/\/parkstory.com\/en\/wp-json\/wp\/v2\/media?parent=1679"}],"curies":[{"name":"wp","href":"https:\/\/api.w.org\/{rel}","templated":true}]}}